{"id":1753,"date":"2021-10-06T14:27:43","date_gmt":"2021-10-06T12:27:43","guid":{"rendered":"https:\/\/www.charita.sk\/pomoc-utecencom\/?page_id=1753"},"modified":"2021-10-07T10:47:13","modified_gmt":"2021-10-07T08:47:13","slug":"zabezpecenie-pitnej-vody-pre-obce-bersavy-a-birstek","status":"publish","type":"page","link":"https:\/\/www.charita.sk\/svet\/zabezpecenie-pitnej-vody-pre-obce-bersavy-a-birstek\/","title":{"rendered":"Zabezpe\u010denie pitnej vody pre obce Bersavy a Birstek"},"content":{"rendered":"\n<p class=\"has-white-color has-text-color has-background\" style=\"background-color:#c42f41\"><strong>N\u00e1zov projektu:<\/strong> Zabezpe\u010denie pitnej vody pre obce Bersavy a Birstek<br><strong>Lok\u00e1lny partner:<\/strong> Shingala Azad NGO<br><strong>Po\u010det pr\u00edjemcov pomoci:<\/strong> 6200<br><strong>Doba implement\u00e1cie:<\/strong> 1.10.2021 \u2013 30.9.2022<br><strong>Suma na podporu projektu:<\/strong> 200&nbsp;000 eur<\/p>\n\n\n\n<p><strong>Stru\u010dn\u00fd popis projektu:<\/strong><\/p>\n\n\n\n<p>Projekt v\u00fdstavby studn\u00ed v obciach Bersavy a Birstek reflektuje kritick\u00fa situ\u00e1ciu s nedostatkom pitnej vody. Po\u010det obyvate\u013eov obc\u00ed toti\u017e od roku 2014 prudko nar\u00e1stol, ke\u010f prijali \u013eud\u00ed utekaj\u00facich pred terorom tzv. Islamsk\u00e9ho \u0161t\u00e1tu\/Deash. Napriek por\u00e1\u017eke Daesh v roku 2017 je Irak st\u00e1le vo f\u00e1ze postupnej obnovy krajiny, ktor\u00e1 je komplikovan\u00e1 politickou, bezpe\u010dnostnou, soci\u00e1lnou a ekonomickou nestabilitou. Okrem toho situ\u00e1ciu zna\u010dne skomplikovala pand\u00e9mia Covid-19.<\/p>\n\n\n\n<p><strong>Komu pom\u00f4\u017eeme:<\/strong><\/p>\n\n\n\n<figure class=\"wp-block-gallery columns-3 is-cropped wp-block-gallery-1 is-layout-flex wp-block-gallery-is-layout-flex\"><ul class=\"blocks-gallery-grid\"><li class=\"blocks-gallery-item\"><figure><a href=\"https:\/\/www.charita.sk\/svet\/wp-content\/uploads\/2021\/10\/IMG_4328.jpg\"><img fetchpriority=\"high\" decoding=\"async\" width=\"1000\" height=\"667\" src=\"https:\/\/www.charita.sk\/svet\/wp-content\/uploads\/2021\/10\/IMG_4328.jpg\" alt=\"\" data-id=\"1781\" data-link=\"https:\/\/www.charita.sk\/svet\/zabezpecenie-pitnej-vody-pre-obce-bersavy-a-birstek\/img_4328\/\" class=\"wp-image-1781\" srcset=\"https:\/\/www.charita.sk\/svet\/wp-content\/uploads\/2021\/10\/IMG_4328.jpg 1000w, https:\/\/www.charita.sk\/svet\/wp-content\/uploads\/2021\/10\/IMG_4328-300x200.jpg 300w, https:\/\/www.charita.sk\/svet\/wp-content\/uploads\/2021\/10\/IMG_4328-768x512.jpg 768w, https:\/\/www.charita.sk\/svet\/wp-content\/uploads\/2021\/10\/IMG_4328-600x400.jpg 600w\" sizes=\"(max-width: 1000px) 100vw, 1000px\" \/><\/a><figcaption class=\"blocks-gallery-item__caption\">Sulejman utiekol s rodinou zo Sinjaru do obce Birstek<\/figcaption><\/figure><\/li><li class=\"blocks-gallery-item\"><figure><a href=\"https:\/\/www.charita.sk\/svet\/wp-content\/uploads\/2021\/10\/IMG_4304.jpg\"><img decoding=\"async\" width=\"1000\" height=\"667\" src=\"https:\/\/www.charita.sk\/svet\/wp-content\/uploads\/2021\/10\/IMG_4304.jpg\" alt=\"\" data-id=\"1782\" data-full-url=\"https:\/\/www.charita.sk\/svet\/wp-content\/uploads\/2021\/10\/IMG_4304.jpg\" data-link=\"https:\/\/www.charita.sk\/svet\/zabezpecenie-pitnej-vody-pre-obce-bersavy-a-birstek\/img_4304\/\" class=\"wp-image-1782\" srcset=\"https:\/\/www.charita.sk\/svet\/wp-content\/uploads\/2021\/10\/IMG_4304.jpg 1000w, https:\/\/www.charita.sk\/svet\/wp-content\/uploads\/2021\/10\/IMG_4304-300x200.jpg 300w, https:\/\/www.charita.sk\/svet\/wp-content\/uploads\/2021\/10\/IMG_4304-768x512.jpg 768w, https:\/\/www.charita.sk\/svet\/wp-content\/uploads\/2021\/10\/IMG_4304-600x400.jpg 600w\" sizes=\"(max-width: 1000px) 100vw, 1000px\" \/><\/a><figcaption class=\"blocks-gallery-item__caption\">\u017div\u00ed sa chovom oviec a k\u00f4z<\/figcaption><\/figure><\/li><li class=\"blocks-gallery-item\"><figure><a href=\"https:\/\/www.charita.sk\/svet\/wp-content\/uploads\/2021\/10\/IMG_4284.jpg\"><img decoding=\"async\" width=\"1000\" height=\"667\" src=\"https:\/\/www.charita.sk\/svet\/wp-content\/uploads\/2021\/10\/IMG_4284.jpg\" alt=\"\" data-id=\"1780\" data-link=\"https:\/\/www.charita.sk\/svet\/zabezpecenie-pitnej-vody-pre-obce-bersavy-a-birstek\/img_4284\/\" class=\"wp-image-1780\" srcset=\"https:\/\/www.charita.sk\/svet\/wp-content\/uploads\/2021\/10\/IMG_4284.jpg 1000w, https:\/\/www.charita.sk\/svet\/wp-content\/uploads\/2021\/10\/IMG_4284-300x200.jpg 300w, https:\/\/www.charita.sk\/svet\/wp-content\/uploads\/2021\/10\/IMG_4284-768x512.jpg 768w, https:\/\/www.charita.sk\/svet\/wp-content\/uploads\/2021\/10\/IMG_4284-600x400.jpg 600w\" sizes=\"(max-width: 1000px) 100vw, 1000px\" \/><\/a><figcaption class=\"blocks-gallery-item__caption\">M\u00e1 6 dc\u00e9r a 6 synov<\/figcaption><\/figure><\/li><\/ul><\/figure>\n\n\n\n<p class=\"has-text-align-center has-background\" style=\"background-color:#eeeeee\"><strong>Projekt je spolufinancovan\u00fd z programu ofici\u00e1lnej rozvojovej pomoci SR, <a href=\"https:\/\/slovakaid.sk\" target=\"_blank\" rel=\"noreferrer noopener\">SlovakAid<\/a>.<\/strong><\/p>\n\n\n\n<p>V\u010faka v\u00fdstavbe studn\u00ed bud\u00fa ma\u0165 v obciach Bersavy a Birstek pitn\u00fa vodu aj pre \u013eud\u00ed, ktor\u00ed na\u0161li \u00fato\u010disko v&nbsp;t\u00fdchto obciach. S\u00fa\u010das\u0165ou projektu s\u00fa aj protipandemick\u00e9 opatrenia s cie\u013eom zn\u00ed\u017ei\u0165 \u0161\u00edrenie v\u00edrusu Covid-19 a tie\u017e \u0161kolenia na ochranu vodn\u00fdch zdrojov a vyu\u017e\u00edvania pitnej vody pri pestovate\u013esk\u00fdch a chovate\u013esk\u00fdch aktivit\u00e1ch. Dostatok pitnej vody \u201ez koh\u00fatika\u201c z\u00e1rove\u0148 zn\u00ed\u017ei produkciu odpadu vo forme jednorazov\u00fdch plastov\u00fdch obalov, v ktor\u00fdch moment\u00e1lne obyvatelia obce kupuj\u00fa ch\u00fdbaj\u00facu pitn\u00fa vodu.<\/p>\n\n\n\n<p><strong>Partneri:<\/strong><\/p>\n\n\n\n<figure class=\"wp-block-gallery columns-3 is-cropped wp-block-gallery-2 is-layout-flex wp-block-gallery-is-layout-flex\"><ul class=\"blocks-gallery-grid\"><li class=\"blocks-gallery-item\"><figure><img loading=\"lazy\" decoding=\"async\" width=\"300\" height=\"125\" src=\"https:\/\/www.charita.sk\/svet\/wp-content\/uploads\/2019\/11\/Partneri-3.png\" alt=\"\" data-id=\"697\" data-full-url=\"https:\/\/www.charita.sk\/svet\/wp-content\/uploads\/2019\/11\/Partneri-3.png\" data-link=\"https:\/\/www.charita.sk\/svet\/partneri\/slovakaid\/partneri-3\/\" class=\"wp-image-697\"\/><\/figure><\/li><li class=\"blocks-gallery-item\"><figure><img loading=\"lazy\" decoding=\"async\" width=\"300\" height=\"125\" src=\"https:\/\/www.charita.sk\/svet\/wp-content\/uploads\/2019\/11\/Partneri-2.png\" alt=\"\" data-id=\"696\" data-full-url=\"https:\/\/www.charita.sk\/svet\/wp-content\/uploads\/2019\/11\/Partneri-2.png\" data-link=\"https:\/\/www.charita.sk\/svet\/partneri\/kbs\/partneri-2\/\" class=\"wp-image-696\"\/><\/figure><\/li><li class=\"blocks-gallery-item\"><figure><img loading=\"lazy\" decoding=\"async\" width=\"300\" height=\"125\" src=\"https:\/\/www.charita.sk\/svet\/wp-content\/uploads\/2019\/11\/Partneri.png\" alt=\"\" data-id=\"695\" data-full-url=\"https:\/\/www.charita.sk\/svet\/wp-content\/uploads\/2019\/11\/Partneri.png\" data-link=\"https:\/\/www.charita.sk\/svet\/partneri\/shingala-azad\/partneri\/\" class=\"wp-image-695\"\/><\/figure><\/li><\/ul><\/figure>\n","protected":false},"excerpt":{"rendered":"<p>N\u00e1zov projektu: Zabezpe\u010denie pitnej vody pre obce Bersavy a BirstekLok\u00e1lny partner: Shingala [&hellip;]<\/p>\n","protected":false},"author":2,"featured_media":0,"parent":0,"menu_order":0,"comment_status":"closed","ping_status":"closed","template":"","meta":{"footnotes":""},"class_list":["post-1753","page","type-page","status-publish","hentry"],"yoast_head":"<!-- This site is optimized with the Yoast SEO plugin v25.4 - https:\/\/yoast.com\/wordpress\/plugins\/seo\/ -->\n<title>Zabezpe\u010denie pitnej vody pre obce Bersavy a Birstek | Charita vo svete<\/title>\n<meta name=\"robots\" content=\"index, follow, max-snippet:-1, max-image-preview:large, max-video-preview:-1\" \/>\n<link rel=\"canonical\" href=\"https:\/\/www.charita.sk\/svet\/zabezpecenie-pitnej-vody-pre-obce-bersavy-a-birstek\/\" \/>\n<meta property=\"og:locale\" content=\"sk_SK\" \/>\n<meta property=\"og:type\" content=\"article\" \/>\n<meta property=\"og:title\" content=\"Zabezpe\u010denie pitnej vody pre obce Bersavy a Birstek | Charita vo svete\" \/>\n<meta property=\"og:description\" content=\"N\u00e1zov projektu: Zabezpe\u010denie pitnej vody pre obce Bersavy a BirstekLok\u00e1lny partner: Shingala [&hellip;]\" \/>\n<meta property=\"og:url\" content=\"https:\/\/www.charita.sk\/svet\/zabezpecenie-pitnej-vody-pre-obce-bersavy-a-birstek\/\" \/>\n<meta property=\"og:site_name\" content=\"Charita vo svete\" \/>\n<meta property=\"article:publisher\" content=\"https:\/\/www.facebook.com\/CaritasSlovakia\/\" \/>\n<meta property=\"article:modified_time\" content=\"2021-10-07T08:47:13+00:00\" \/>\n<meta property=\"og:image\" content=\"https:\/\/www.charita.sk\/pomoc-utecencom\/wp-content\/uploads\/2021\/10\/IMG_4328.jpg\" \/>\n<meta name=\"twitter:card\" content=\"summary_large_image\" \/>\n<meta name=\"twitter:label1\" content=\"Predpokladan\u00fd \u010das \u010d\u00edtania\" \/>\n\t<meta name=\"twitter:data1\" content=\"1 min\u00fata\" \/>\n<script type=\"application\/ld+json\" class=\"yoast-schema-graph\">{\"@context\":\"https:\/\/schema.org\",\"@graph\":[{\"@type\":\"WebPage\",\"@id\":\"https:\/\/www.charita.sk\/svet\/zabezpecenie-pitnej-vody-pre-obce-bersavy-a-birstek\/\",\"url\":\"https:\/\/www.charita.sk\/svet\/zabezpecenie-pitnej-vody-pre-obce-bersavy-a-birstek\/\",\"name\":\"Zabezpe\u010denie pitnej vody pre obce Bersavy a Birstek | Charita vo svete\",\"isPartOf\":{\"@id\":\"https:\/\/www.charita.sk\/svet\/#website\"},\"primaryImageOfPage\":{\"@id\":\"https:\/\/www.charita.sk\/svet\/zabezpecenie-pitnej-vody-pre-obce-bersavy-a-birstek\/#primaryimage\"},\"image\":{\"@id\":\"https:\/\/www.charita.sk\/svet\/zabezpecenie-pitnej-vody-pre-obce-bersavy-a-birstek\/#primaryimage\"},\"thumbnailUrl\":\"https:\/\/www.charita.sk\/svet\/wp-content\/uploads\/2021\/10\/IMG_4328.jpg\",\"datePublished\":\"2021-10-06T12:27:43+00:00\",\"dateModified\":\"2021-10-07T08:47:13+00:00\",\"breadcrumb\":{\"@id\":\"https:\/\/www.charita.sk\/svet\/zabezpecenie-pitnej-vody-pre-obce-bersavy-a-birstek\/#breadcrumb\"},\"inLanguage\":\"sk-SK\",\"potentialAction\":[{\"@type\":\"ReadAction\",\"target\":[\"https:\/\/www.charita.sk\/svet\/zabezpecenie-pitnej-vody-pre-obce-bersavy-a-birstek\/\"]}]},{\"@type\":\"ImageObject\",\"inLanguage\":\"sk-SK\",\"@id\":\"https:\/\/www.charita.sk\/svet\/zabezpecenie-pitnej-vody-pre-obce-bersavy-a-birstek\/#primaryimage\",\"url\":\"https:\/\/www.charita.sk\/svet\/wp-content\/uploads\/2021\/10\/IMG_4328.jpg\",\"contentUrl\":\"https:\/\/www.charita.sk\/svet\/wp-content\/uploads\/2021\/10\/IMG_4328.jpg\",\"width\":1000,\"height\":667},{\"@type\":\"BreadcrumbList\",\"@id\":\"https:\/\/www.charita.sk\/svet\/zabezpecenie-pitnej-vody-pre-obce-bersavy-a-birstek\/#breadcrumb\",\"itemListElement\":[{\"@type\":\"ListItem\",\"position\":1,\"name\":\"Domovsk\u00e1 str\u00e1nka\",\"item\":\"https:\/\/www.charita.sk\/svet\/\"},{\"@type\":\"ListItem\",\"position\":2,\"name\":\"Zabezpe\u010denie pitnej vody pre obce Bersavy a Birstek\"}]},{\"@type\":\"WebSite\",\"@id\":\"https:\/\/www.charita.sk\/svet\/#website\",\"url\":\"https:\/\/www.charita.sk\/svet\/\",\"name\":\"Charita vo svete\",\"description\":\"Slovensk\u00e1 katol\u00edcka charita pom\u00e1ha \u013eu\u010fom v n\u00fadzi vo svete\",\"publisher\":{\"@id\":\"https:\/\/www.charita.sk\/svet\/#organization\"},\"potentialAction\":[{\"@type\":\"SearchAction\",\"target\":{\"@type\":\"EntryPoint\",\"urlTemplate\":\"https:\/\/www.charita.sk\/svet\/?s={search_term_string}\"},\"query-input\":{\"@type\":\"PropertyValueSpecification\",\"valueRequired\":true,\"valueName\":\"search_term_string\"}}],\"inLanguage\":\"sk-SK\"},{\"@type\":\"Organization\",\"@id\":\"https:\/\/www.charita.sk\/svet\/#organization\",\"name\":\"Slovensk\u00e1 katol\u00edcka charita\",\"url\":\"https:\/\/www.charita.sk\/svet\/\",\"logo\":{\"@type\":\"ImageObject\",\"inLanguage\":\"sk-SK\",\"@id\":\"https:\/\/www.charita.sk\/svet\/#\/schema\/logo\/image\/\",\"url\":\"https:\/\/www.charita.sk\/pomoc-utecencom\/wp-content\/uploads\/2020\/11\/logo_pomoc_utecencom.jpg\",\"contentUrl\":\"https:\/\/www.charita.sk\/pomoc-utecencom\/wp-content\/uploads\/2020\/11\/logo_pomoc_utecencom.jpg\",\"width\":1712,\"height\":480,\"caption\":\"Slovensk\u00e1 katol\u00edcka charita\"},\"image\":{\"@id\":\"https:\/\/www.charita.sk\/svet\/#\/schema\/logo\/image\/\"},\"sameAs\":[\"https:\/\/www.facebook.com\/CaritasSlovakia\/\",\"https:\/\/www.instagram.com\/caritas_slovakia\/\",\"https:\/\/www.linkedin.com\/company\/caritas-slovakia-skch-\",\"https:\/\/www.youtube.com\/user\/katolickacharita\"]}]}<\/script>\n<!-- \/ Yoast SEO plugin. -->","yoast_head_json":{"title":"Zabezpe\u010denie pitnej vody pre obce Bersavy a Birstek | Charita vo svete","robots":{"index":"index","follow":"follow","max-snippet":"max-snippet:-1","max-image-preview":"max-image-preview:large","max-video-preview":"max-video-preview:-1"},"canonical":"https:\/\/www.charita.sk\/svet\/zabezpecenie-pitnej-vody-pre-obce-bersavy-a-birstek\/","og_locale":"sk_SK","og_type":"article","og_title":"Zabezpe\u010denie pitnej vody pre obce Bersavy a Birstek | Charita vo svete","og_description":"N\u00e1zov projektu: Zabezpe\u010denie pitnej vody pre obce Bersavy a BirstekLok\u00e1lny partner: Shingala [&hellip;]","og_url":"https:\/\/www.charita.sk\/svet\/zabezpecenie-pitnej-vody-pre-obce-bersavy-a-birstek\/","og_site_name":"Charita vo svete","article_publisher":"https:\/\/www.facebook.com\/CaritasSlovakia\/","article_modified_time":"2021-10-07T08:47:13+00:00","og_image":[{"url":"https:\/\/www.charita.sk\/pomoc-utecencom\/wp-content\/uploads\/2021\/10\/IMG_4328.jpg","type":"","width":"","height":""}],"twitter_card":"summary_large_image","twitter_misc":{"Predpokladan\u00fd \u010das \u010d\u00edtania":"1 min\u00fata"},"schema":{"@context":"https:\/\/schema.org","@graph":[{"@type":"WebPage","@id":"https:\/\/www.charita.sk\/svet\/zabezpecenie-pitnej-vody-pre-obce-bersavy-a-birstek\/","url":"https:\/\/www.charita.sk\/svet\/zabezpecenie-pitnej-vody-pre-obce-bersavy-a-birstek\/","name":"Zabezpe\u010denie pitnej vody pre obce Bersavy a Birstek | Charita vo svete","isPartOf":{"@id":"https:\/\/www.charita.sk\/svet\/#website"},"primaryImageOfPage":{"@id":"https:\/\/www.charita.sk\/svet\/zabezpecenie-pitnej-vody-pre-obce-bersavy-a-birstek\/#primaryimage"},"image":{"@id":"https:\/\/www.charita.sk\/svet\/zabezpecenie-pitnej-vody-pre-obce-bersavy-a-birstek\/#primaryimage"},"thumbnailUrl":"https:\/\/www.charita.sk\/svet\/wp-content\/uploads\/2021\/10\/IMG_4328.jpg","datePublished":"2021-10-06T12:27:43+00:00","dateModified":"2021-10-07T08:47:13+00:00","breadcrumb":{"@id":"https:\/\/www.charita.sk\/svet\/zabezpecenie-pitnej-vody-pre-obce-bersavy-a-birstek\/#breadcrumb"},"inLanguage":"sk-SK","potentialAction":[{"@type":"ReadAction","target":["https:\/\/www.charita.sk\/svet\/zabezpecenie-pitnej-vody-pre-obce-bersavy-a-birstek\/"]}]},{"@type":"ImageObject","inLanguage":"sk-SK","@id":"https:\/\/www.charita.sk\/svet\/zabezpecenie-pitnej-vody-pre-obce-bersavy-a-birstek\/#primaryimage","url":"https:\/\/www.charita.sk\/svet\/wp-content\/uploads\/2021\/10\/IMG_4328.jpg","contentUrl":"https:\/\/www.charita.sk\/svet\/wp-content\/uploads\/2021\/10\/IMG_4328.jpg","width":1000,"height":667},{"@type":"BreadcrumbList","@id":"https:\/\/www.charita.sk\/svet\/zabezpecenie-pitnej-vody-pre-obce-bersavy-a-birstek\/#breadcrumb","itemListElement":[{"@type":"ListItem","position":1,"name":"Domovsk\u00e1 str\u00e1nka","item":"https:\/\/www.charita.sk\/svet\/"},{"@type":"ListItem","position":2,"name":"Zabezpe\u010denie pitnej vody pre obce Bersavy a Birstek"}]},{"@type":"WebSite","@id":"https:\/\/www.charita.sk\/svet\/#website","url":"https:\/\/www.charita.sk\/svet\/","name":"Charita vo svete","description":"Slovensk\u00e1 katol\u00edcka charita pom\u00e1ha \u013eu\u010fom v n\u00fadzi vo svete","publisher":{"@id":"https:\/\/www.charita.sk\/svet\/#organization"},"potentialAction":[{"@type":"SearchAction","target":{"@type":"EntryPoint","urlTemplate":"https:\/\/www.charita.sk\/svet\/?s={search_term_string}"},"query-input":{"@type":"PropertyValueSpecification","valueRequired":true,"valueName":"search_term_string"}}],"inLanguage":"sk-SK"},{"@type":"Organization","@id":"https:\/\/www.charita.sk\/svet\/#organization","name":"Slovensk\u00e1 katol\u00edcka charita","url":"https:\/\/www.charita.sk\/svet\/","logo":{"@type":"ImageObject","inLanguage":"sk-SK","@id":"https:\/\/www.charita.sk\/svet\/#\/schema\/logo\/image\/","url":"https:\/\/www.charita.sk\/pomoc-utecencom\/wp-content\/uploads\/2020\/11\/logo_pomoc_utecencom.jpg","contentUrl":"https:\/\/www.charita.sk\/pomoc-utecencom\/wp-content\/uploads\/2020\/11\/logo_pomoc_utecencom.jpg","width":1712,"height":480,"caption":"Slovensk\u00e1 katol\u00edcka charita"},"image":{"@id":"https:\/\/www.charita.sk\/svet\/#\/schema\/logo\/image\/"},"sameAs":["https:\/\/www.facebook.com\/CaritasSlovakia\/","https:\/\/www.instagram.com\/caritas_slovakia\/","https:\/\/www.linkedin.com\/company\/caritas-slovakia-skch-","https:\/\/www.youtube.com\/user\/katolickacharita"]}]}},"featured_image_src":null,"featured_image_src_square":null,"_links":{"self":[{"href":"https:\/\/www.charita.sk\/svet\/wp-json\/wp\/v2\/pages\/1753","targetHints":{"allow":["GET"]}}],"collection":[{"href":"https:\/\/www.charita.sk\/svet\/wp-json\/wp\/v2\/pages"}],"about":[{"href":"https:\/\/www.charita.sk\/svet\/wp-json\/wp\/v2\/types\/page"}],"author":[{"embeddable":true,"href":"https:\/\/www.charita.sk\/svet\/wp-json\/wp\/v2\/users\/2"}],"replies":[{"embeddable":true,"href":"https:\/\/www.charita.sk\/svet\/wp-json\/wp\/v2\/comments?post=1753"}],"version-history":[{"count":3,"href":"https:\/\/www.charita.sk\/svet\/wp-json\/wp\/v2\/pages\/1753\/revisions"}],"predecessor-version":[{"id":1785,"href":"https:\/\/www.charita.sk\/svet\/wp-json\/wp\/v2\/pages\/1753\/revisions\/1785"}],"wp:attachment":[{"href":"https:\/\/www.charita.sk\/svet\/wp-json\/wp\/v2\/media?parent=1753"}],"curies":[{"name":"wp","href":"https:\/\/api.w.org\/{rel}","templated":true}]}}