{"id":1987,"date":"2022-02-23T22:20:09","date_gmt":"2022-02-23T21:20:09","guid":{"rendered":"https:\/\/www.charita.sk\/pomoc-utecencom\/?page_id=1987"},"modified":"2022-02-23T22:20:10","modified_gmt":"2022-02-23T21:20:10","slug":"vybavenie-pre-skolu-panny-marie-milostivej","status":"publish","type":"page","link":"https:\/\/www.charita.sk\/svet\/vybavenie-pre-skolu-panny-marie-milostivej\/","title":{"rendered":"Vybavenie pre \u0161kolu Panny M\u00e1rie Milostivej"},"content":{"rendered":"\n<p class=\"has-white-color has-text-color has-background\" style=\"background-color:#c42f41\"><strong>N\u00e1zov projektu:<\/strong>\u00a0Vybavenie pre \u0161kolu Panny M\u00e1rie Milostivej<br><strong>Miesto implement\u00e1cie:<\/strong>\u00a0Kirk\u00fak, Irak<br><strong>Projektov\u00fd partner:<\/strong>\u00a0Chaldejskokatol\u00edcka arcidiec\u00e9za Kirk\u00faku a Sulejmanie<br><strong>Po\u010det pr\u00edjemcov pomoci:<\/strong>\u00a0750 det\u00ed<br><strong>Suma na podporu projektu:<\/strong>\u00a022 500 EUR<\/p>\n\n\n\n<p>Projekt vybavenia \u0161koly je s\u00fa\u010das\u0165ou komplexn\u00e9ho projektu v\u00fdstavby a prev\u00e1dzky \u0161koly Panny M\u00e1rie Milostivej na predmest\u00ed Kirk\u00faku v \u010dasti Sekanian (cca 10 km od mesta). Arcidiec\u00e9za Kirk\u00faku a Sulejmanie za\u010dala \u0161kolu Panny M\u00e1rie Milostivej stava\u0165 v roku 2016 a jej celkov\u00e1 kapacita je 750 \u0161tudentov v\u0161etk\u00fdch ro\u010dn\u00edkov. Moment\u00e1lne prebieha proces z\u00edskavania potrebn\u00fdch povolen\u00ed na otvorenie \u0161koly.<\/p>\n\n\n\n<p>Mestsk\u00e1 \u010das\u0165 Sekanian vznikla na podnet miestneho arcibiskupa Mons. Yousifa Thomasa Mirkisa a je prim\u00e1rne zameran\u00e1 na kres\u0165anov, z ktor\u00fdch tu \u017eije v s\u00fa\u010dasnosti pribli\u017ene 300 rod\u00edn. Celkov\u00fdm \u00fa\u010delom projektu \u0161koly je vytvorenie miesta na \u0161t\u00fadium pre deti, ktor\u00e9 s\u00fa bud\u00facnos\u0165ou svojej krajiny a tie\u017e realiz\u00e1ciu aktiv\u00edt, v\u010faka ktor\u00fdm sa \u0161kola stane kult\u00farnym centrom pre regi\u00f3n Kirk\u00fak a aj tak\u00fdmto sp\u00f4sobom bude podporova\u0165 kres\u0165ansk\u00fa pr\u00edtomnos\u0165 v meste.<\/p>\n\n\n\n<p>\u0160kola je verejn\u00fdm projektom otvoren\u00fdm pre v\u0161etk\u00fdch \u010dlenov miestnych komun\u00edt a zo v\u0161etk\u00fdch n\u00e1bo\u017eenstiev. Poskytuje v\u0161etky stupne \u0161t\u00fadia od materskej \u0161koly a\u017e po stredn\u00fa \u0161kolu. V\u010faka medzin\u00e1rodn\u00fdm u\u010debn\u00fdm osnov\u00e1m, ktor\u00e9 pom\u00e1haj\u00fa budova\u0165 otvoren\u00fa myse\u013e \u0161tudentov, \u0161kola dok\u00e1\u017ee predch\u00e1dza\u0165 hrozbe negat\u00edvneho vplyvu extr\u00e9mistick\u00fdch ideol\u00f3gi\u00ed na deti a ml\u00e1de\u017e.<\/p>\n\n\n\n<p>Z\u00e1merom \u0161koly je vn\u00e1\u0161a\u0165 do spolo\u010dnosti l\u00e1sku a vzdelanie, ktor\u00e9 bud\u00fa lie\u010di\u0165 sekt\u00e1rstvo a rasizmus pr\u00edtomn\u00fd v irackej spolo\u010dnosti. Vedenie \u0161koly reho\u013en\u00fdmi sestrami z Indie d\u00e1va projektu kres\u0165ansky miluj\u00faceho ducha a posil\u0148uje misiu \u0161koly, nako\u013eko Kirk\u00fak je jedine\u010dn\u00fd v tom, \u017ee v \u0148om \u017eije ve\u013ea n\u00e1rodnost\u00ed a n\u00e1bo\u017eenstiev, ktor\u00e9 prejavuj\u00fa \u00factu ku kres\u0165anom.<\/p>\n","protected":false},"excerpt":{"rendered":"<p>N\u00e1zov projektu:\u00a0Vybavenie pre \u0161kolu Panny M\u00e1rie MilostivejMiesto implement\u00e1cie:\u00a0Kirk\u00fak, IrakProjektov\u00fd partner:\u00a0Chaldejskokatol\u00edcka arcidiec\u00e9za Kirk\u00faku [&hellip;]<\/p>\n","protected":false},"author":2,"featured_media":0,"parent":0,"menu_order":0,"comment_status":"closed","ping_status":"closed","template":"","meta":{"footnotes":""},"class_list":["post-1987","page","type-page","status-publish","hentry"],"yoast_head":"<!-- This site is optimized with the Yoast SEO plugin v25.4 - https:\/\/yoast.com\/wordpress\/plugins\/seo\/ -->\n<title>Vybavenie pre \u0161kolu Panny M\u00e1rie Milostivej | Charita vo svete<\/title>\n<meta name=\"robots\" content=\"index, follow, max-snippet:-1, max-image-preview:large, max-video-preview:-1\" \/>\n<link rel=\"canonical\" href=\"https:\/\/www.charita.sk\/svet\/vybavenie-pre-skolu-panny-marie-milostivej\/\" \/>\n<meta property=\"og:locale\" content=\"sk_SK\" \/>\n<meta property=\"og:type\" content=\"article\" \/>\n<meta property=\"og:title\" content=\"Vybavenie pre \u0161kolu Panny M\u00e1rie Milostivej | Charita vo svete\" \/>\n<meta property=\"og:description\" content=\"N\u00e1zov projektu:\u00a0Vybavenie pre \u0161kolu Panny M\u00e1rie MilostivejMiesto implement\u00e1cie:\u00a0Kirk\u00fak, IrakProjektov\u00fd partner:\u00a0Chaldejskokatol\u00edcka arcidiec\u00e9za Kirk\u00faku [&hellip;]\" \/>\n<meta property=\"og:url\" content=\"https:\/\/www.charita.sk\/svet\/vybavenie-pre-skolu-panny-marie-milostivej\/\" \/>\n<meta property=\"og:site_name\" content=\"Charita vo svete\" \/>\n<meta property=\"article:publisher\" content=\"https:\/\/www.facebook.com\/CaritasSlovakia\/\" \/>\n<meta property=\"article:modified_time\" content=\"2022-02-23T21:20:10+00:00\" \/>\n<meta name=\"twitter:card\" content=\"summary_large_image\" \/>\n<meta name=\"twitter:label1\" content=\"Predpokladan\u00fd \u010das \u010d\u00edtania\" \/>\n\t<meta name=\"twitter:data1\" content=\"2 min\u00faty\" \/>\n<script type=\"application\/ld+json\" class=\"yoast-schema-graph\">{\"@context\":\"https:\/\/schema.org\",\"@graph\":[{\"@type\":\"WebPage\",\"@id\":\"https:\/\/www.charita.sk\/svet\/vybavenie-pre-skolu-panny-marie-milostivej\/\",\"url\":\"https:\/\/www.charita.sk\/svet\/vybavenie-pre-skolu-panny-marie-milostivej\/\",\"name\":\"Vybavenie pre \u0161kolu Panny M\u00e1rie Milostivej | Charita vo svete\",\"isPartOf\":{\"@id\":\"https:\/\/www.charita.sk\/svet\/#website\"},\"datePublished\":\"2022-02-23T21:20:09+00:00\",\"dateModified\":\"2022-02-23T21:20:10+00:00\",\"breadcrumb\":{\"@id\":\"https:\/\/www.charita.sk\/svet\/vybavenie-pre-skolu-panny-marie-milostivej\/#breadcrumb\"},\"inLanguage\":\"sk-SK\",\"potentialAction\":[{\"@type\":\"ReadAction\",\"target\":[\"https:\/\/www.charita.sk\/svet\/vybavenie-pre-skolu-panny-marie-milostivej\/\"]}]},{\"@type\":\"BreadcrumbList\",\"@id\":\"https:\/\/www.charita.sk\/svet\/vybavenie-pre-skolu-panny-marie-milostivej\/#breadcrumb\",\"itemListElement\":[{\"@type\":\"ListItem\",\"position\":1,\"name\":\"Domovsk\u00e1 str\u00e1nka\",\"item\":\"https:\/\/www.charita.sk\/svet\/\"},{\"@type\":\"ListItem\",\"position\":2,\"name\":\"Vybavenie pre \u0161kolu Panny M\u00e1rie Milostivej\"}]},{\"@type\":\"WebSite\",\"@id\":\"https:\/\/www.charita.sk\/svet\/#website\",\"url\":\"https:\/\/www.charita.sk\/svet\/\",\"name\":\"Charita vo svete\",\"description\":\"Slovensk\u00e1 katol\u00edcka charita pom\u00e1ha \u013eu\u010fom v n\u00fadzi vo svete\",\"publisher\":{\"@id\":\"https:\/\/www.charita.sk\/svet\/#organization\"},\"potentialAction\":[{\"@type\":\"SearchAction\",\"target\":{\"@type\":\"EntryPoint\",\"urlTemplate\":\"https:\/\/www.charita.sk\/svet\/?s={search_term_string}\"},\"query-input\":{\"@type\":\"PropertyValueSpecification\",\"valueRequired\":true,\"valueName\":\"search_term_string\"}}],\"inLanguage\":\"sk-SK\"},{\"@type\":\"Organization\",\"@id\":\"https:\/\/www.charita.sk\/svet\/#organization\",\"name\":\"Slovensk\u00e1 katol\u00edcka charita\",\"url\":\"https:\/\/www.charita.sk\/svet\/\",\"logo\":{\"@type\":\"ImageObject\",\"inLanguage\":\"sk-SK\",\"@id\":\"https:\/\/www.charita.sk\/svet\/#\/schema\/logo\/image\/\",\"url\":\"https:\/\/www.charita.sk\/pomoc-utecencom\/wp-content\/uploads\/2020\/11\/logo_pomoc_utecencom.jpg\",\"contentUrl\":\"https:\/\/www.charita.sk\/pomoc-utecencom\/wp-content\/uploads\/2020\/11\/logo_pomoc_utecencom.jpg\",\"width\":1712,\"height\":480,\"caption\":\"Slovensk\u00e1 katol\u00edcka charita\"},\"image\":{\"@id\":\"https:\/\/www.charita.sk\/svet\/#\/schema\/logo\/image\/\"},\"sameAs\":[\"https:\/\/www.facebook.com\/CaritasSlovakia\/\",\"https:\/\/www.instagram.com\/caritas_slovakia\/\",\"https:\/\/www.linkedin.com\/company\/caritas-slovakia-skch-\",\"https:\/\/www.youtube.com\/user\/katolickacharita\"]}]}<\/script>\n<!-- \/ Yoast SEO plugin. -->","yoast_head_json":{"title":"Vybavenie pre \u0161kolu Panny M\u00e1rie Milostivej | Charita vo svete","robots":{"index":"index","follow":"follow","max-snippet":"max-snippet:-1","max-image-preview":"max-image-preview:large","max-video-preview":"max-video-preview:-1"},"canonical":"https:\/\/www.charita.sk\/svet\/vybavenie-pre-skolu-panny-marie-milostivej\/","og_locale":"sk_SK","og_type":"article","og_title":"Vybavenie pre \u0161kolu Panny M\u00e1rie Milostivej | Charita vo svete","og_description":"N\u00e1zov projektu:\u00a0Vybavenie pre \u0161kolu Panny M\u00e1rie MilostivejMiesto implement\u00e1cie:\u00a0Kirk\u00fak, IrakProjektov\u00fd partner:\u00a0Chaldejskokatol\u00edcka arcidiec\u00e9za Kirk\u00faku [&hellip;]","og_url":"https:\/\/www.charita.sk\/svet\/vybavenie-pre-skolu-panny-marie-milostivej\/","og_site_name":"Charita vo svete","article_publisher":"https:\/\/www.facebook.com\/CaritasSlovakia\/","article_modified_time":"2022-02-23T21:20:10+00:00","twitter_card":"summary_large_image","twitter_misc":{"Predpokladan\u00fd \u010das \u010d\u00edtania":"2 min\u00faty"},"schema":{"@context":"https:\/\/schema.org","@graph":[{"@type":"WebPage","@id":"https:\/\/www.charita.sk\/svet\/vybavenie-pre-skolu-panny-marie-milostivej\/","url":"https:\/\/www.charita.sk\/svet\/vybavenie-pre-skolu-panny-marie-milostivej\/","name":"Vybavenie pre \u0161kolu Panny M\u00e1rie Milostivej | Charita vo svete","isPartOf":{"@id":"https:\/\/www.charita.sk\/svet\/#website"},"datePublished":"2022-02-23T21:20:09+00:00","dateModified":"2022-02-23T21:20:10+00:00","breadcrumb":{"@id":"https:\/\/www.charita.sk\/svet\/vybavenie-pre-skolu-panny-marie-milostivej\/#breadcrumb"},"inLanguage":"sk-SK","potentialAction":[{"@type":"ReadAction","target":["https:\/\/www.charita.sk\/svet\/vybavenie-pre-skolu-panny-marie-milostivej\/"]}]},{"@type":"BreadcrumbList","@id":"https:\/\/www.charita.sk\/svet\/vybavenie-pre-skolu-panny-marie-milostivej\/#breadcrumb","itemListElement":[{"@type":"ListItem","position":1,"name":"Domovsk\u00e1 str\u00e1nka","item":"https:\/\/www.charita.sk\/svet\/"},{"@type":"ListItem","position":2,"name":"Vybavenie pre \u0161kolu Panny M\u00e1rie Milostivej"}]},{"@type":"WebSite","@id":"https:\/\/www.charita.sk\/svet\/#website","url":"https:\/\/www.charita.sk\/svet\/","name":"Charita vo svete","description":"Slovensk\u00e1 katol\u00edcka charita pom\u00e1ha \u013eu\u010fom v n\u00fadzi vo svete","publisher":{"@id":"https:\/\/www.charita.sk\/svet\/#organization"},"potentialAction":[{"@type":"SearchAction","target":{"@type":"EntryPoint","urlTemplate":"https:\/\/www.charita.sk\/svet\/?s={search_term_string}"},"query-input":{"@type":"PropertyValueSpecification","valueRequired":true,"valueName":"search_term_string"}}],"inLanguage":"sk-SK"},{"@type":"Organization","@id":"https:\/\/www.charita.sk\/svet\/#organization","name":"Slovensk\u00e1 katol\u00edcka charita","url":"https:\/\/www.charita.sk\/svet\/","logo":{"@type":"ImageObject","inLanguage":"sk-SK","@id":"https:\/\/www.charita.sk\/svet\/#\/schema\/logo\/image\/","url":"https:\/\/www.charita.sk\/pomoc-utecencom\/wp-content\/uploads\/2020\/11\/logo_pomoc_utecencom.jpg","contentUrl":"https:\/\/www.charita.sk\/pomoc-utecencom\/wp-content\/uploads\/2020\/11\/logo_pomoc_utecencom.jpg","width":1712,"height":480,"caption":"Slovensk\u00e1 katol\u00edcka charita"},"image":{"@id":"https:\/\/www.charita.sk\/svet\/#\/schema\/logo\/image\/"},"sameAs":["https:\/\/www.facebook.com\/CaritasSlovakia\/","https:\/\/www.instagram.com\/caritas_slovakia\/","https:\/\/www.linkedin.com\/company\/caritas-slovakia-skch-","https:\/\/www.youtube.com\/user\/katolickacharita"]}]}},"featured_image_src":null,"featured_image_src_square":null,"_links":{"self":[{"href":"https:\/\/www.charita.sk\/svet\/wp-json\/wp\/v2\/pages\/1987","targetHints":{"allow":["GET"]}}],"collection":[{"href":"https:\/\/www.charita.sk\/svet\/wp-json\/wp\/v2\/pages"}],"about":[{"href":"https:\/\/www.charita.sk\/svet\/wp-json\/wp\/v2\/types\/page"}],"author":[{"embeddable":true,"href":"https:\/\/www.charita.sk\/svet\/wp-json\/wp\/v2\/users\/2"}],"replies":[{"embeddable":true,"href":"https:\/\/www.charita.sk\/svet\/wp-json\/wp\/v2\/comments?post=1987"}],"version-history":[{"count":1,"href":"https:\/\/www.charita.sk\/svet\/wp-json\/wp\/v2\/pages\/1987\/revisions"}],"predecessor-version":[{"id":1988,"href":"https:\/\/www.charita.sk\/svet\/wp-json\/wp\/v2\/pages\/1987\/revisions\/1988"}],"wp:attachment":[{"href":"https:\/\/www.charita.sk\/svet\/wp-json\/wp\/v2\/media?parent=1987"}],"curies":[{"name":"wp","href":"https:\/\/api.w.org\/{rel}","templated":true}]}}