{"id":3179,"date":"2025-01-23T11:40:34","date_gmt":"2025-01-23T10:40:34","guid":{"rendered":"https:\/\/www.charita.sk\/svet\/?page_id=3179"},"modified":"2025-01-23T13:28:13","modified_gmt":"2025-01-23T12:28:13","slug":"poskytovanie-psychologickej-pomoci-a-poukazok-na-lieky-a-potraviny-vysidlencomv-dnipre","status":"publish","type":"page","link":"https:\/\/www.charita.sk\/svet\/poskytovanie-psychologickej-pomoci-a-poukazok-na-lieky-a-potraviny-vysidlencomv-dnipre\/","title":{"rendered":"Poskytovanie psychologickej pomoci\u00a0a pouk\u00e1\u017eok\u00a0na lieky a\u00a0potraviny\u00a0vys\u00eddlencom v\u00a0Dnipre"},"content":{"rendered":"\n<p class=\"has-white-color has-text-color has-background has-link-color wp-elements-c550fbd3f160174131f1a73ac061d196\" style=\"background-color:#c42f41\"><strong>N\u00e1zov projektu:\u00a0\u00a0<\/strong>Poskytovanie psychologickej pomoci\u00a0vn\u00fatorne vys\u00eddlen\u00fdm osob\u00e1m, zlep\u0161enie ich finan\u010dnej situ\u00e1cie prostredn\u00edctvom\u00a0pouk\u00e1\u017eok na potraviny a lieky<br><strong>Lokalita implement\u00e1cie:\u00a0<\/strong>Dnipro\u00a0a\u00a0Dnepropetrovsk\u00e1\u00a0oblas\u0165, Ukrajina<br><strong>Meno partnera:\u00a0<\/strong>Caritas\u00a0Donetsk\u00a0<br><strong>Trvanie projektu:\u00a0<\/strong>1.9.2024 \u2013 30.6.2025<br><strong>Donor:\u00a0<\/strong>SKCH<strong><br>Po\u010det pr\u00edjemcov pomoci:\u00a0<\/strong>1200 priamych\/3000 nepriamych pr\u00edjemcov<br><strong>V\u00fd\u0161ka podpory:\u00a0<\/strong>100 000 EUR<\/p>\n\n\n\n<p>Dnepropetrovsk\u00e1&nbsp;oblas\u0165&nbsp;je l\u00eddrom&nbsp;v po\u010dte vn\u00fatorne vys\u00eddlen\u00fdch os\u00f4b prijat\u00fdch v r\u00e1mci Ukrajiny&nbsp;v&nbsp;d\u00f4sledku vojnov\u00e9ho konfliktu.&nbsp;Od m\u00e1ja 2024 m\u00f4\u017eeme v d\u00f4sledku zintenz\u00edvnenia bojov pozorova\u0165 \u010fal\u0161\u00ed n\u00e1rast po\u010dtu&nbsp;ute\u010dencov.&nbsp;Len v meste&nbsp;Dnipro&nbsp;sa nach\u00e1dza nieko\u013eko desiatok \u00fatulkov a centier pre vn\u00fatorne vys\u00eddlen\u00e9 osoby, ktor\u00fdm pom\u00e1ha n\u00e1\u0161 lok\u00e1lny partner Caritas&nbsp;Donetsk.<\/p>\n\n\n\n<p>Cie\u013eom prebiehaj\u00faceho projektu je zlep\u0161i\u0165&nbsp;kvalitu&nbsp;\u017eivota vn\u00fatorne vys\u00eddlen\u00fdch os\u00f4b v\u010faka uspokojovaniu z\u00e1kladn\u00fdch potrieb&nbsp;a&nbsp;poskytn\u00fa\u0165&nbsp;psychologick\u00fa&nbsp;pomoc najzranite\u013enej\u0161ej \u010dasti komunity&nbsp;vys\u00eddlencov.<\/p>\n\n\n\n<p>Poskytovanie skupinovej&nbsp;psychologickej pomoci&nbsp;pod doh\u013eadom odborn\u00edka&nbsp;je nevyhnutn\u00e9 na zlep\u0161enie&nbsp;psychick\u00e9ho stavu det\u00ed a&nbsp;dospel\u00fdch&nbsp;v kontexte dlhotrvaj\u00faceho vojnov\u00e9ho konfliktu. Skupinov\u00e1 pr\u00e1ca je potrebn\u00e1 pre pocit spolupatri\u010dnosti a zdie\u013eanie&nbsp;podobnej&nbsp;\u017eivotnej situ\u00e1cie&nbsp;medzi vys\u00eddlencami.&nbsp;Po\u010das skupinov\u00fdch stretnut\u00ed&nbsp;na\u0161i psychol\u00f3govia identifikuj\u00fa t\u00fdch, ktor\u00edsi vy\u017eaduj\u00fa zv\u00fd\u0161en\u00fa pozornos\u0165&nbsp;na individu\u00e1lne stretnutia.<\/p>\n\n\n\n<p>Rodin\u00e1m pom\u00f4\u017eu tie\u017e pouk\u00e1\u017eky na potraviny a lieky, ktor\u00e9 si m\u00f4\u017eu uplatni\u0165 na n\u00e1kup toho najnutnej\u0161ieho, \u010do potrebuj\u00fa.&nbsp;Proces distrib\u00facie bude organizovan\u00fd v spolupr\u00e1ci s miestnymi org\u00e1nmi a veden\u00edm \u00fatulkov, aby sa zabezpe\u010dilo, \u017ee&nbsp;pouk\u00e1\u017eky dostan\u00fa&nbsp;najzranite\u013enej\u0161ie&nbsp;osoby.<\/p>\n\n\n\n<figure class=\"wp-block-gallery has-nested-images columns-default is-cropped wp-block-gallery-1 is-layout-flex wp-block-gallery-is-layout-flex\">\n<figure class=\"wp-block-image size-large\"><img fetchpriority=\"high\" decoding=\"async\" width=\"1024\" height=\"768\" data-id=\"2990\" src=\"https:\/\/www.charita.sk\/svet\/wp-content\/uploads\/2024\/08\/ua_gap_projekt-1024x768.jpeg\" alt=\"\" class=\"wp-image-2990\" srcset=\"https:\/\/www.charita.sk\/svet\/wp-content\/uploads\/2024\/08\/ua_gap_projekt-1024x768.jpeg 1024w, https:\/\/www.charita.sk\/svet\/wp-content\/uploads\/2024\/08\/ua_gap_projekt-300x225.jpeg 300w, https:\/\/www.charita.sk\/svet\/wp-content\/uploads\/2024\/08\/ua_gap_projekt-768x576.jpeg 768w, https:\/\/www.charita.sk\/svet\/wp-content\/uploads\/2024\/08\/ua_gap_projekt-1536x1152.jpeg 1536w, https:\/\/www.charita.sk\/svet\/wp-content\/uploads\/2024\/08\/ua_gap_projekt.jpeg 1600w\" sizes=\"(max-width: 1024px) 100vw, 1024px\" \/><figcaption class=\"wp-element-caption\">\ud83d\udcf8 Caritas Donetsk<\/figcaption><\/figure>\n<\/figure>\n","protected":false},"excerpt":{"rendered":"<p>N\u00e1zov projektu:\u00a0\u00a0Poskytovanie psychologickej pomoci\u00a0vn\u00fatorne vys\u00eddlen\u00fdm osob\u00e1m, zlep\u0161enie ich finan\u010dnej situ\u00e1cie prostredn\u00edctvom\u00a0pouk\u00e1\u017eok na [&hellip;]<\/p>\n","protected":false},"author":2,"featured_media":0,"parent":0,"menu_order":0,"comment_status":"closed","ping_status":"closed","template":"","meta":{"footnotes":""},"class_list":["post-3179","page","type-page","status-publish","hentry"],"yoast_head":"<!-- This site is optimized with the Yoast SEO plugin v25.4 - https:\/\/yoast.com\/wordpress\/plugins\/seo\/ -->\n<title>Poskytovanie psychologickej pomoci\u00a0a pouk\u00e1\u017eok\u00a0na lieky a\u00a0potraviny\u00a0vys\u00eddlencom v\u00a0Dnipre | Charita vo svete<\/title>\n<meta name=\"robots\" content=\"index, follow, max-snippet:-1, max-image-preview:large, max-video-preview:-1\" \/>\n<link rel=\"canonical\" href=\"https:\/\/www.charita.sk\/svet\/poskytovanie-psychologickej-pomoci-a-poukazok-na-lieky-a-potraviny-vysidlencomv-dnipre\/\" \/>\n<meta property=\"og:locale\" content=\"sk_SK\" \/>\n<meta property=\"og:type\" content=\"article\" \/>\n<meta property=\"og:title\" content=\"Poskytovanie psychologickej pomoci\u00a0a pouk\u00e1\u017eok\u00a0na lieky a\u00a0potraviny\u00a0vys\u00eddlencom v\u00a0Dnipre | Charita vo svete\" \/>\n<meta property=\"og:description\" content=\"N\u00e1zov projektu:\u00a0\u00a0Poskytovanie psychologickej pomoci\u00a0vn\u00fatorne vys\u00eddlen\u00fdm osob\u00e1m, zlep\u0161enie ich finan\u010dnej situ\u00e1cie prostredn\u00edctvom\u00a0pouk\u00e1\u017eok na [&hellip;]\" \/>\n<meta property=\"og:url\" content=\"https:\/\/www.charita.sk\/svet\/poskytovanie-psychologickej-pomoci-a-poukazok-na-lieky-a-potraviny-vysidlencomv-dnipre\/\" \/>\n<meta property=\"og:site_name\" content=\"Charita vo svete\" \/>\n<meta property=\"article:publisher\" content=\"https:\/\/www.facebook.com\/CaritasSlovakia\/\" \/>\n<meta property=\"article:modified_time\" content=\"2025-01-23T12:28:13+00:00\" \/>\n<meta property=\"og:image\" content=\"https:\/\/www.charita.sk\/svet\/wp-content\/uploads\/2024\/08\/ua_gap_projekt.jpeg\" \/>\n\t<meta property=\"og:image:width\" content=\"1600\" \/>\n\t<meta property=\"og:image:height\" content=\"1200\" \/>\n\t<meta property=\"og:image:type\" content=\"image\/jpeg\" \/>\n<meta name=\"twitter:card\" content=\"summary_large_image\" \/>\n<meta name=\"twitter:label1\" content=\"Predpokladan\u00fd \u010das \u010d\u00edtania\" \/>\n\t<meta name=\"twitter:data1\" content=\"2 min\u00faty\" \/>\n<script type=\"application\/ld+json\" class=\"yoast-schema-graph\">{\"@context\":\"https:\/\/schema.org\",\"@graph\":[{\"@type\":\"WebPage\",\"@id\":\"https:\/\/www.charita.sk\/svet\/poskytovanie-psychologickej-pomoci-a-poukazok-na-lieky-a-potraviny-vysidlencomv-dnipre\/\",\"url\":\"https:\/\/www.charita.sk\/svet\/poskytovanie-psychologickej-pomoci-a-poukazok-na-lieky-a-potraviny-vysidlencomv-dnipre\/\",\"name\":\"Poskytovanie psychologickej pomoci\u00a0a pouk\u00e1\u017eok\u00a0na lieky a\u00a0potraviny\u00a0vys\u00eddlencom v\u00a0Dnipre | Charita vo svete\",\"isPartOf\":{\"@id\":\"https:\/\/www.charita.sk\/svet\/#website\"},\"primaryImageOfPage\":{\"@id\":\"https:\/\/www.charita.sk\/svet\/poskytovanie-psychologickej-pomoci-a-poukazok-na-lieky-a-potraviny-vysidlencomv-dnipre\/#primaryimage\"},\"image\":{\"@id\":\"https:\/\/www.charita.sk\/svet\/poskytovanie-psychologickej-pomoci-a-poukazok-na-lieky-a-potraviny-vysidlencomv-dnipre\/#primaryimage\"},\"thumbnailUrl\":\"https:\/\/www.charita.sk\/svet\/wp-content\/uploads\/2024\/08\/ua_gap_projekt-1024x768.jpeg\",\"datePublished\":\"2025-01-23T10:40:34+00:00\",\"dateModified\":\"2025-01-23T12:28:13+00:00\",\"breadcrumb\":{\"@id\":\"https:\/\/www.charita.sk\/svet\/poskytovanie-psychologickej-pomoci-a-poukazok-na-lieky-a-potraviny-vysidlencomv-dnipre\/#breadcrumb\"},\"inLanguage\":\"sk-SK\",\"potentialAction\":[{\"@type\":\"ReadAction\",\"target\":[\"https:\/\/www.charita.sk\/svet\/poskytovanie-psychologickej-pomoci-a-poukazok-na-lieky-a-potraviny-vysidlencomv-dnipre\/\"]}]},{\"@type\":\"ImageObject\",\"inLanguage\":\"sk-SK\",\"@id\":\"https:\/\/www.charita.sk\/svet\/poskytovanie-psychologickej-pomoci-a-poukazok-na-lieky-a-potraviny-vysidlencomv-dnipre\/#primaryimage\",\"url\":\"https:\/\/www.charita.sk\/svet\/wp-content\/uploads\/2024\/08\/ua_gap_projekt.jpeg\",\"contentUrl\":\"https:\/\/www.charita.sk\/svet\/wp-content\/uploads\/2024\/08\/ua_gap_projekt.jpeg\",\"width\":1600,\"height\":1200},{\"@type\":\"BreadcrumbList\",\"@id\":\"https:\/\/www.charita.sk\/svet\/poskytovanie-psychologickej-pomoci-a-poukazok-na-lieky-a-potraviny-vysidlencomv-dnipre\/#breadcrumb\",\"itemListElement\":[{\"@type\":\"ListItem\",\"position\":1,\"name\":\"Domovsk\u00e1 str\u00e1nka\",\"item\":\"https:\/\/www.charita.sk\/svet\/\"},{\"@type\":\"ListItem\",\"position\":2,\"name\":\"Poskytovanie psychologickej pomoci\u00a0a pouk\u00e1\u017eok\u00a0na lieky a\u00a0potraviny\u00a0vys\u00eddlencom v\u00a0Dnipre\"}]},{\"@type\":\"WebSite\",\"@id\":\"https:\/\/www.charita.sk\/svet\/#website\",\"url\":\"https:\/\/www.charita.sk\/svet\/\",\"name\":\"Charita vo svete\",\"description\":\"Slovensk\u00e1 katol\u00edcka charita pom\u00e1ha \u013eu\u010fom v n\u00fadzi vo svete\",\"publisher\":{\"@id\":\"https:\/\/www.charita.sk\/svet\/#organization\"},\"potentialAction\":[{\"@type\":\"SearchAction\",\"target\":{\"@type\":\"EntryPoint\",\"urlTemplate\":\"https:\/\/www.charita.sk\/svet\/?s={search_term_string}\"},\"query-input\":{\"@type\":\"PropertyValueSpecification\",\"valueRequired\":true,\"valueName\":\"search_term_string\"}}],\"inLanguage\":\"sk-SK\"},{\"@type\":\"Organization\",\"@id\":\"https:\/\/www.charita.sk\/svet\/#organization\",\"name\":\"Slovensk\u00e1 katol\u00edcka charita\",\"url\":\"https:\/\/www.charita.sk\/svet\/\",\"logo\":{\"@type\":\"ImageObject\",\"inLanguage\":\"sk-SK\",\"@id\":\"https:\/\/www.charita.sk\/svet\/#\/schema\/logo\/image\/\",\"url\":\"https:\/\/www.charita.sk\/pomoc-utecencom\/wp-content\/uploads\/2020\/11\/logo_pomoc_utecencom.jpg\",\"contentUrl\":\"https:\/\/www.charita.sk\/pomoc-utecencom\/wp-content\/uploads\/2020\/11\/logo_pomoc_utecencom.jpg\",\"width\":1712,\"height\":480,\"caption\":\"Slovensk\u00e1 katol\u00edcka charita\"},\"image\":{\"@id\":\"https:\/\/www.charita.sk\/svet\/#\/schema\/logo\/image\/\"},\"sameAs\":[\"https:\/\/www.facebook.com\/CaritasSlovakia\/\",\"https:\/\/www.instagram.com\/caritas_slovakia\/\",\"https:\/\/www.linkedin.com\/company\/caritas-slovakia-skch-\",\"https:\/\/www.youtube.com\/user\/katolickacharita\"]}]}<\/script>\n<!-- \/ Yoast SEO plugin. -->","yoast_head_json":{"title":"Poskytovanie psychologickej pomoci\u00a0a pouk\u00e1\u017eok\u00a0na lieky a\u00a0potraviny\u00a0vys\u00eddlencom v\u00a0Dnipre | Charita vo svete","robots":{"index":"index","follow":"follow","max-snippet":"max-snippet:-1","max-image-preview":"max-image-preview:large","max-video-preview":"max-video-preview:-1"},"canonical":"https:\/\/www.charita.sk\/svet\/poskytovanie-psychologickej-pomoci-a-poukazok-na-lieky-a-potraviny-vysidlencomv-dnipre\/","og_locale":"sk_SK","og_type":"article","og_title":"Poskytovanie psychologickej pomoci\u00a0a pouk\u00e1\u017eok\u00a0na lieky a\u00a0potraviny\u00a0vys\u00eddlencom v\u00a0Dnipre | Charita vo svete","og_description":"N\u00e1zov projektu:\u00a0\u00a0Poskytovanie psychologickej pomoci\u00a0vn\u00fatorne vys\u00eddlen\u00fdm osob\u00e1m, zlep\u0161enie ich finan\u010dnej situ\u00e1cie prostredn\u00edctvom\u00a0pouk\u00e1\u017eok na [&hellip;]","og_url":"https:\/\/www.charita.sk\/svet\/poskytovanie-psychologickej-pomoci-a-poukazok-na-lieky-a-potraviny-vysidlencomv-dnipre\/","og_site_name":"Charita vo svete","article_publisher":"https:\/\/www.facebook.com\/CaritasSlovakia\/","article_modified_time":"2025-01-23T12:28:13+00:00","og_image":[{"width":1600,"height":1200,"url":"https:\/\/www.charita.sk\/svet\/wp-content\/uploads\/2024\/08\/ua_gap_projekt.jpeg","type":"image\/jpeg"}],"twitter_card":"summary_large_image","twitter_misc":{"Predpokladan\u00fd \u010das \u010d\u00edtania":"2 min\u00faty"},"schema":{"@context":"https:\/\/schema.org","@graph":[{"@type":"WebPage","@id":"https:\/\/www.charita.sk\/svet\/poskytovanie-psychologickej-pomoci-a-poukazok-na-lieky-a-potraviny-vysidlencomv-dnipre\/","url":"https:\/\/www.charita.sk\/svet\/poskytovanie-psychologickej-pomoci-a-poukazok-na-lieky-a-potraviny-vysidlencomv-dnipre\/","name":"Poskytovanie psychologickej pomoci\u00a0a pouk\u00e1\u017eok\u00a0na lieky a\u00a0potraviny\u00a0vys\u00eddlencom v\u00a0Dnipre | Charita vo svete","isPartOf":{"@id":"https:\/\/www.charita.sk\/svet\/#website"},"primaryImageOfPage":{"@id":"https:\/\/www.charita.sk\/svet\/poskytovanie-psychologickej-pomoci-a-poukazok-na-lieky-a-potraviny-vysidlencomv-dnipre\/#primaryimage"},"image":{"@id":"https:\/\/www.charita.sk\/svet\/poskytovanie-psychologickej-pomoci-a-poukazok-na-lieky-a-potraviny-vysidlencomv-dnipre\/#primaryimage"},"thumbnailUrl":"https:\/\/www.charita.sk\/svet\/wp-content\/uploads\/2024\/08\/ua_gap_projekt-1024x768.jpeg","datePublished":"2025-01-23T10:40:34+00:00","dateModified":"2025-01-23T12:28:13+00:00","breadcrumb":{"@id":"https:\/\/www.charita.sk\/svet\/poskytovanie-psychologickej-pomoci-a-poukazok-na-lieky-a-potraviny-vysidlencomv-dnipre\/#breadcrumb"},"inLanguage":"sk-SK","potentialAction":[{"@type":"ReadAction","target":["https:\/\/www.charita.sk\/svet\/poskytovanie-psychologickej-pomoci-a-poukazok-na-lieky-a-potraviny-vysidlencomv-dnipre\/"]}]},{"@type":"ImageObject","inLanguage":"sk-SK","@id":"https:\/\/www.charita.sk\/svet\/poskytovanie-psychologickej-pomoci-a-poukazok-na-lieky-a-potraviny-vysidlencomv-dnipre\/#primaryimage","url":"https:\/\/www.charita.sk\/svet\/wp-content\/uploads\/2024\/08\/ua_gap_projekt.jpeg","contentUrl":"https:\/\/www.charita.sk\/svet\/wp-content\/uploads\/2024\/08\/ua_gap_projekt.jpeg","width":1600,"height":1200},{"@type":"BreadcrumbList","@id":"https:\/\/www.charita.sk\/svet\/poskytovanie-psychologickej-pomoci-a-poukazok-na-lieky-a-potraviny-vysidlencomv-dnipre\/#breadcrumb","itemListElement":[{"@type":"ListItem","position":1,"name":"Domovsk\u00e1 str\u00e1nka","item":"https:\/\/www.charita.sk\/svet\/"},{"@type":"ListItem","position":2,"name":"Poskytovanie psychologickej pomoci\u00a0a pouk\u00e1\u017eok\u00a0na lieky a\u00a0potraviny\u00a0vys\u00eddlencom v\u00a0Dnipre"}]},{"@type":"WebSite","@id":"https:\/\/www.charita.sk\/svet\/#website","url":"https:\/\/www.charita.sk\/svet\/","name":"Charita vo svete","description":"Slovensk\u00e1 katol\u00edcka charita pom\u00e1ha \u013eu\u010fom v n\u00fadzi vo svete","publisher":{"@id":"https:\/\/www.charita.sk\/svet\/#organization"},"potentialAction":[{"@type":"SearchAction","target":{"@type":"EntryPoint","urlTemplate":"https:\/\/www.charita.sk\/svet\/?s={search_term_string}"},"query-input":{"@type":"PropertyValueSpecification","valueRequired":true,"valueName":"search_term_string"}}],"inLanguage":"sk-SK"},{"@type":"Organization","@id":"https:\/\/www.charita.sk\/svet\/#organization","name":"Slovensk\u00e1 katol\u00edcka charita","url":"https:\/\/www.charita.sk\/svet\/","logo":{"@type":"ImageObject","inLanguage":"sk-SK","@id":"https:\/\/www.charita.sk\/svet\/#\/schema\/logo\/image\/","url":"https:\/\/www.charita.sk\/pomoc-utecencom\/wp-content\/uploads\/2020\/11\/logo_pomoc_utecencom.jpg","contentUrl":"https:\/\/www.charita.sk\/pomoc-utecencom\/wp-content\/uploads\/2020\/11\/logo_pomoc_utecencom.jpg","width":1712,"height":480,"caption":"Slovensk\u00e1 katol\u00edcka charita"},"image":{"@id":"https:\/\/www.charita.sk\/svet\/#\/schema\/logo\/image\/"},"sameAs":["https:\/\/www.facebook.com\/CaritasSlovakia\/","https:\/\/www.instagram.com\/caritas_slovakia\/","https:\/\/www.linkedin.com\/company\/caritas-slovakia-skch-","https:\/\/www.youtube.com\/user\/katolickacharita"]}]}},"featured_image_src":null,"featured_image_src_square":null,"_links":{"self":[{"href":"https:\/\/www.charita.sk\/svet\/wp-json\/wp\/v2\/pages\/3179","targetHints":{"allow":["GET"]}}],"collection":[{"href":"https:\/\/www.charita.sk\/svet\/wp-json\/wp\/v2\/pages"}],"about":[{"href":"https:\/\/www.charita.sk\/svet\/wp-json\/wp\/v2\/types\/page"}],"author":[{"embeddable":true,"href":"https:\/\/www.charita.sk\/svet\/wp-json\/wp\/v2\/users\/2"}],"replies":[{"embeddable":true,"href":"https:\/\/www.charita.sk\/svet\/wp-json\/wp\/v2\/comments?post=3179"}],"version-history":[{"count":3,"href":"https:\/\/www.charita.sk\/svet\/wp-json\/wp\/v2\/pages\/3179\/revisions"}],"predecessor-version":[{"id":3190,"href":"https:\/\/www.charita.sk\/svet\/wp-json\/wp\/v2\/pages\/3179\/revisions\/3190"}],"wp:attachment":[{"href":"https:\/\/www.charita.sk\/svet\/wp-json\/wp\/v2\/media?parent=3179"}],"curies":[{"name":"wp","href":"https:\/\/api.w.org\/{rel}","templated":true}]}}