{"id":3533,"date":"2026-03-04T15:25:02","date_gmt":"2026-03-04T14:25:02","guid":{"rendered":"https:\/\/www.charita.sk\/svet\/?page_id=3533"},"modified":"2026-03-04T15:29:46","modified_gmt":"2026-03-04T14:29:46","slug":"krizova-pomoc-pre-rodiny-v-charkove-a-zaporozi","status":"publish","type":"page","link":"https:\/\/www.charita.sk\/svet\/krizova-pomoc-pre-rodiny-v-charkove-a-zaporozi\/","title":{"rendered":"Kr\u00edzov\u00e1 pomoc pre rodiny v Charkove a Z\u00e1poro\u017e\u00ed"},"content":{"rendered":"\n<p class=\"has-white-color has-text-color has-background has-link-color wp-elements-55417ccbabc1f60cb52dad9e480641d4\" style=\"background-color:#c42f41\"><strong>N\u00e1zov projektu:&nbsp;&nbsp;<\/strong>Caritas- Spes Kharkiv Di\u00f6zese Kharkiv<br><strong>Lokalita implement\u00e1cie:&nbsp;<\/strong>Kharkiv &#8211; Kharkivska oblas\u0165<br><strong>Meno partnera:&nbsp;<\/strong>Caritas- Spes Kharkiv Di\u00f6zese Kharkiv &#8211; Zaporizhzhja&nbsp;<br><strong>Trvanie projektu:&nbsp;<\/strong>2026<br><strong>V\u00fd\u0161ka podpory:&nbsp;<\/strong>5 000 EUR<\/p>\n\n\n\n<p>Mest\u00e1 Charkov a Z\u00e1poro\u017eie patria medzi oblasti najviac zasiahnut\u00e9 pretrv\u00e1vaj\u00facim vojnov\u00fdm konfliktom. Miestni obyvatelia \u010delia nielen bezpe\u010dnostn\u00fdm rizik\u00e1m, ale aj kolapsu z\u00e1kladnej infra\u0161trukt\u00fary a nedostatku potrav\u00edn \u010di liekov. Slovensk\u00e1 katol\u00edcka charita v roku 2026 sumou <strong>5 000 EUR<\/strong> podporuje organiz\u00e1ciu <strong>Caritas-Spes Kharkiv<\/strong>, ktor\u00e1 p\u00f4sob\u00ed priamo v prvej l\u00ednii pomoci.<\/p>\n\n\n\n<p><strong>Okam\u017eit\u00e1 reakcia na humanit\u00e1rne potreby<\/strong><br>V podmienkach frontov\u00fdch miest sa potreby \u013eud\u00ed menia z hodiny na hodinu. Na\u0161a finan\u010dn\u00e1 podpora umo\u017e\u0148uje partnerom z diec\u00e9zy Charkov-Z\u00e1poro\u017eie r\u00fdchlo reagova\u0165 na aktu\u00e1lnu situ\u00e1ciu. Prostriedky sl\u00fa\u017eia na n\u00e1kup a distrib\u00faciu najnutnej\u0161ej pomoci pre rodiny, ktor\u00e9 pri\u0161li o domovy alebo \u017eij\u00fa v proviz\u00f3rnych podmienkach. Zameriavame sa na zabezpe\u010denie z\u00e1kladnej \u013eudskej d\u00f4stojnosti v miestach, kde je pr\u00edstup k be\u017en\u00fdm slu\u017eb\u00e1m takmer nemo\u017en\u00fd.<\/p>\n\n\n\n<p><strong>Solidarita s t\u00fdmi, ktor\u00ed zostali<\/strong><br>Mnoh\u00ed z t\u00fdch, ktor\u00ed v Charkove a Z\u00e1poro\u017e\u00ed zostali, s\u00fa seniori, matky s de\u0165mi alebo \u013eudia so znev\u00fdhodnen\u00edm, ktor\u00ed nemali mo\u017enos\u0165 od\u00eds\u0165. V\u010faka va\u0161ej podpore im na\u0161i partneri dok\u00e1\u017eu doru\u010di\u0165:<\/p>\n\n\n\n<ul class=\"wp-block-list\">\n<li><strong>Z\u00e1kladn\u00e9 potravinov\u00e9 bal\u00ed\u010dky<\/strong> a pitn\u00fa vodu.<\/li>\n\n\n\n<li><strong>Hygienick\u00e9 potreby<\/strong> pre rodiny v n\u00fadzov\u00fdch ubytovniach.<\/li>\n\n\n\n<li><strong>Nevyhnutn\u00e9 lieky<\/strong> a zdravotn\u00edcky materi\u00e1l.<\/li>\n\n\n\n<li><strong>Kr\u00edzov\u00fa podporu<\/strong> pre \u013eud\u00ed zasiahnut\u00fdch aktu\u00e1lnym ostre\u013eovan\u00edm.<\/li>\n<\/ul>\n\n\n\n<p>Hoci je suma 5 000 EUR v celkovom kontexte konfliktu mal\u00e1, v ruk\u00e1ch miestnych pracovn\u00edkov Caritas-Spes sa men\u00ed na konkr\u00e9tne \u010diny, ktor\u00e9 zachra\u0148uj\u00fa \u017eivoty. Je to jasn\u00fd sign\u00e1l solidarity zo Slovenska pre \u013eud\u00ed, ktor\u00ed v t\u00fdchto \u0165a\u017eko sk\u00fa\u0161an\u00fdch regi\u00f3noch nestr\u00e1caj\u00fa n\u00e1dej.<\/p>\n\n\n\n<figure class=\"wp-block-image size-large\"><img fetchpriority=\"high\" decoding=\"async\" width=\"1024\" height=\"576\" src=\"https:\/\/www.charita.sk\/svet\/wp-content\/uploads\/2026\/03\/concern-rs80402-ukraine-how-to-help-banner-1-1024x576.jpg\" alt=\"\" class=\"wp-image-3539\" srcset=\"https:\/\/www.charita.sk\/svet\/wp-content\/uploads\/2026\/03\/concern-rs80402-ukraine-how-to-help-banner-1-1024x576.jpg 1024w, https:\/\/www.charita.sk\/svet\/wp-content\/uploads\/2026\/03\/concern-rs80402-ukraine-how-to-help-banner-1-300x169.jpg 300w, https:\/\/www.charita.sk\/svet\/wp-content\/uploads\/2026\/03\/concern-rs80402-ukraine-how-to-help-banner-1-768x432.jpg 768w, https:\/\/www.charita.sk\/svet\/wp-content\/uploads\/2026\/03\/concern-rs80402-ukraine-how-to-help-banner-1-1536x865.jpg 1536w, https:\/\/www.charita.sk\/svet\/wp-content\/uploads\/2026\/03\/concern-rs80402-ukraine-how-to-help-banner-1.jpg 1599w\" sizes=\"(max-width: 1024px) 100vw, 1024px\" \/><figcaption class=\"wp-element-caption\"><em>Vira* (30), Zoya* (7), Vasyl* (10). \u0160tvor\u010dlenn\u00e1 rodina k\u00fari svoj dom drevom. V dedine nie je centr\u00e1lne k\u00farenie. Dedina Hontarivka, Charkovsk\u00e1 oblas\u0165. Foto: Simona Supino\/Concern Worldwide<\/em><\/figcaption><\/figure>\n\n\n\n<p><\/p>\n","protected":false},"excerpt":{"rendered":"<p>N\u00e1zov projektu:&nbsp;&nbsp;Caritas- Spes Kharkiv Di\u00f6zese KharkivLokalita implement\u00e1cie:&nbsp;Kharkiv &#8211; Kharkivska oblas\u0165Meno partnera:&nbsp;Caritas- Spes [&hellip;]<\/p>\n","protected":false},"author":10,"featured_media":0,"parent":0,"menu_order":0,"comment_status":"closed","ping_status":"closed","template":"","meta":{"footnotes":""},"class_list":["post-3533","page","type-page","status-publish","hentry"],"yoast_head":"<!-- This site is optimized with the Yoast SEO plugin v25.4 - https:\/\/yoast.com\/wordpress\/plugins\/seo\/ -->\n<title>Kr\u00edzov\u00e1 pomoc pre rodiny v Charkove a Z\u00e1poro\u017e\u00ed | Charita vo svete<\/title>\n<meta name=\"robots\" content=\"index, follow, max-snippet:-1, max-image-preview:large, max-video-preview:-1\" \/>\n<link rel=\"canonical\" href=\"https:\/\/www.charita.sk\/svet\/krizova-pomoc-pre-rodiny-v-charkove-a-zaporozi\/\" \/>\n<meta property=\"og:locale\" content=\"sk_SK\" \/>\n<meta property=\"og:type\" content=\"article\" \/>\n<meta property=\"og:title\" content=\"Kr\u00edzov\u00e1 pomoc pre rodiny v Charkove a Z\u00e1poro\u017e\u00ed | Charita vo svete\" \/>\n<meta property=\"og:description\" content=\"N\u00e1zov projektu:&nbsp;&nbsp;Caritas- Spes Kharkiv Di\u00f6zese KharkivLokalita implement\u00e1cie:&nbsp;Kharkiv &#8211; Kharkivska oblas\u0165Meno partnera:&nbsp;Caritas- Spes [&hellip;]\" \/>\n<meta property=\"og:url\" content=\"https:\/\/www.charita.sk\/svet\/krizova-pomoc-pre-rodiny-v-charkove-a-zaporozi\/\" \/>\n<meta property=\"og:site_name\" content=\"Charita vo svete\" \/>\n<meta property=\"article:publisher\" content=\"https:\/\/www.facebook.com\/CaritasSlovakia\/\" \/>\n<meta property=\"article:modified_time\" content=\"2026-03-04T14:29:46+00:00\" \/>\n<meta property=\"og:image\" content=\"https:\/\/www.charita.sk\/svet\/wp-content\/uploads\/2026\/03\/concern-rs80402-ukraine-how-to-help-banner-1.jpg\" \/>\n\t<meta property=\"og:image:width\" content=\"1599\" \/>\n\t<meta property=\"og:image:height\" content=\"900\" \/>\n\t<meta property=\"og:image:type\" content=\"image\/jpeg\" \/>\n<meta name=\"twitter:card\" content=\"summary_large_image\" \/>\n<meta name=\"twitter:label1\" content=\"Predpokladan\u00fd \u010das \u010d\u00edtania\" \/>\n\t<meta name=\"twitter:data1\" content=\"2 min\u00faty\" \/>\n<script type=\"application\/ld+json\" class=\"yoast-schema-graph\">{\"@context\":\"https:\/\/schema.org\",\"@graph\":[{\"@type\":\"WebPage\",\"@id\":\"https:\/\/www.charita.sk\/svet\/krizova-pomoc-pre-rodiny-v-charkove-a-zaporozi\/\",\"url\":\"https:\/\/www.charita.sk\/svet\/krizova-pomoc-pre-rodiny-v-charkove-a-zaporozi\/\",\"name\":\"Kr\u00edzov\u00e1 pomoc pre rodiny v Charkove a Z\u00e1poro\u017e\u00ed | Charita vo svete\",\"isPartOf\":{\"@id\":\"https:\/\/www.charita.sk\/svet\/#website\"},\"primaryImageOfPage\":{\"@id\":\"https:\/\/www.charita.sk\/svet\/krizova-pomoc-pre-rodiny-v-charkove-a-zaporozi\/#primaryimage\"},\"image\":{\"@id\":\"https:\/\/www.charita.sk\/svet\/krizova-pomoc-pre-rodiny-v-charkove-a-zaporozi\/#primaryimage\"},\"thumbnailUrl\":\"https:\/\/www.charita.sk\/svet\/wp-content\/uploads\/2026\/03\/concern-rs80402-ukraine-how-to-help-banner-1-1024x576.jpg\",\"datePublished\":\"2026-03-04T14:25:02+00:00\",\"dateModified\":\"2026-03-04T14:29:46+00:00\",\"breadcrumb\":{\"@id\":\"https:\/\/www.charita.sk\/svet\/krizova-pomoc-pre-rodiny-v-charkove-a-zaporozi\/#breadcrumb\"},\"inLanguage\":\"sk-SK\",\"potentialAction\":[{\"@type\":\"ReadAction\",\"target\":[\"https:\/\/www.charita.sk\/svet\/krizova-pomoc-pre-rodiny-v-charkove-a-zaporozi\/\"]}]},{\"@type\":\"ImageObject\",\"inLanguage\":\"sk-SK\",\"@id\":\"https:\/\/www.charita.sk\/svet\/krizova-pomoc-pre-rodiny-v-charkove-a-zaporozi\/#primaryimage\",\"url\":\"https:\/\/www.charita.sk\/svet\/wp-content\/uploads\/2026\/03\/concern-rs80402-ukraine-how-to-help-banner-1.jpg\",\"contentUrl\":\"https:\/\/www.charita.sk\/svet\/wp-content\/uploads\/2026\/03\/concern-rs80402-ukraine-how-to-help-banner-1.jpg\",\"width\":1599,\"height\":900,\"caption\":\"Vira* (30), Zoya* (7), Vasyl* (10). A family of four heats their house with firewood. There is no centralized heating in the village. Hontarivka village, Kharkiv Oblast\u2019. Photo: Simona Supino\/Concern Worldwide\"},{\"@type\":\"BreadcrumbList\",\"@id\":\"https:\/\/www.charita.sk\/svet\/krizova-pomoc-pre-rodiny-v-charkove-a-zaporozi\/#breadcrumb\",\"itemListElement\":[{\"@type\":\"ListItem\",\"position\":1,\"name\":\"Domovsk\u00e1 str\u00e1nka\",\"item\":\"https:\/\/www.charita.sk\/svet\/\"},{\"@type\":\"ListItem\",\"position\":2,\"name\":\"Kr\u00edzov\u00e1 pomoc pre rodiny v Charkove a Z\u00e1poro\u017e\u00ed\"}]},{\"@type\":\"WebSite\",\"@id\":\"https:\/\/www.charita.sk\/svet\/#website\",\"url\":\"https:\/\/www.charita.sk\/svet\/\",\"name\":\"Charita vo svete\",\"description\":\"Slovensk\u00e1 katol\u00edcka charita pom\u00e1ha \u013eu\u010fom v n\u00fadzi vo svete\",\"publisher\":{\"@id\":\"https:\/\/www.charita.sk\/svet\/#organization\"},\"potentialAction\":[{\"@type\":\"SearchAction\",\"target\":{\"@type\":\"EntryPoint\",\"urlTemplate\":\"https:\/\/www.charita.sk\/svet\/?s={search_term_string}\"},\"query-input\":{\"@type\":\"PropertyValueSpecification\",\"valueRequired\":true,\"valueName\":\"search_term_string\"}}],\"inLanguage\":\"sk-SK\"},{\"@type\":\"Organization\",\"@id\":\"https:\/\/www.charita.sk\/svet\/#organization\",\"name\":\"Slovensk\u00e1 katol\u00edcka charita\",\"url\":\"https:\/\/www.charita.sk\/svet\/\",\"logo\":{\"@type\":\"ImageObject\",\"inLanguage\":\"sk-SK\",\"@id\":\"https:\/\/www.charita.sk\/svet\/#\/schema\/logo\/image\/\",\"url\":\"https:\/\/www.charita.sk\/pomoc-utecencom\/wp-content\/uploads\/2020\/11\/logo_pomoc_utecencom.jpg\",\"contentUrl\":\"https:\/\/www.charita.sk\/pomoc-utecencom\/wp-content\/uploads\/2020\/11\/logo_pomoc_utecencom.jpg\",\"width\":1712,\"height\":480,\"caption\":\"Slovensk\u00e1 katol\u00edcka charita\"},\"image\":{\"@id\":\"https:\/\/www.charita.sk\/svet\/#\/schema\/logo\/image\/\"},\"sameAs\":[\"https:\/\/www.facebook.com\/CaritasSlovakia\/\",\"https:\/\/www.instagram.com\/caritas_slovakia\/\",\"https:\/\/www.linkedin.com\/company\/caritas-slovakia-skch-\",\"https:\/\/www.youtube.com\/user\/katolickacharita\"]}]}<\/script>\n<!-- \/ Yoast SEO plugin. -->","yoast_head_json":{"title":"Kr\u00edzov\u00e1 pomoc pre rodiny v Charkove a Z\u00e1poro\u017e\u00ed | Charita vo svete","robots":{"index":"index","follow":"follow","max-snippet":"max-snippet:-1","max-image-preview":"max-image-preview:large","max-video-preview":"max-video-preview:-1"},"canonical":"https:\/\/www.charita.sk\/svet\/krizova-pomoc-pre-rodiny-v-charkove-a-zaporozi\/","og_locale":"sk_SK","og_type":"article","og_title":"Kr\u00edzov\u00e1 pomoc pre rodiny v Charkove a Z\u00e1poro\u017e\u00ed | Charita vo svete","og_description":"N\u00e1zov projektu:&nbsp;&nbsp;Caritas- Spes Kharkiv Di\u00f6zese KharkivLokalita implement\u00e1cie:&nbsp;Kharkiv &#8211; Kharkivska oblas\u0165Meno partnera:&nbsp;Caritas- Spes [&hellip;]","og_url":"https:\/\/www.charita.sk\/svet\/krizova-pomoc-pre-rodiny-v-charkove-a-zaporozi\/","og_site_name":"Charita vo svete","article_publisher":"https:\/\/www.facebook.com\/CaritasSlovakia\/","article_modified_time":"2026-03-04T14:29:46+00:00","og_image":[{"width":1599,"height":900,"url":"https:\/\/www.charita.sk\/svet\/wp-content\/uploads\/2026\/03\/concern-rs80402-ukraine-how-to-help-banner-1.jpg","type":"image\/jpeg"}],"twitter_card":"summary_large_image","twitter_misc":{"Predpokladan\u00fd \u010das \u010d\u00edtania":"2 min\u00faty"},"schema":{"@context":"https:\/\/schema.org","@graph":[{"@type":"WebPage","@id":"https:\/\/www.charita.sk\/svet\/krizova-pomoc-pre-rodiny-v-charkove-a-zaporozi\/","url":"https:\/\/www.charita.sk\/svet\/krizova-pomoc-pre-rodiny-v-charkove-a-zaporozi\/","name":"Kr\u00edzov\u00e1 pomoc pre rodiny v Charkove a Z\u00e1poro\u017e\u00ed | Charita vo svete","isPartOf":{"@id":"https:\/\/www.charita.sk\/svet\/#website"},"primaryImageOfPage":{"@id":"https:\/\/www.charita.sk\/svet\/krizova-pomoc-pre-rodiny-v-charkove-a-zaporozi\/#primaryimage"},"image":{"@id":"https:\/\/www.charita.sk\/svet\/krizova-pomoc-pre-rodiny-v-charkove-a-zaporozi\/#primaryimage"},"thumbnailUrl":"https:\/\/www.charita.sk\/svet\/wp-content\/uploads\/2026\/03\/concern-rs80402-ukraine-how-to-help-banner-1-1024x576.jpg","datePublished":"2026-03-04T14:25:02+00:00","dateModified":"2026-03-04T14:29:46+00:00","breadcrumb":{"@id":"https:\/\/www.charita.sk\/svet\/krizova-pomoc-pre-rodiny-v-charkove-a-zaporozi\/#breadcrumb"},"inLanguage":"sk-SK","potentialAction":[{"@type":"ReadAction","target":["https:\/\/www.charita.sk\/svet\/krizova-pomoc-pre-rodiny-v-charkove-a-zaporozi\/"]}]},{"@type":"ImageObject","inLanguage":"sk-SK","@id":"https:\/\/www.charita.sk\/svet\/krizova-pomoc-pre-rodiny-v-charkove-a-zaporozi\/#primaryimage","url":"https:\/\/www.charita.sk\/svet\/wp-content\/uploads\/2026\/03\/concern-rs80402-ukraine-how-to-help-banner-1.jpg","contentUrl":"https:\/\/www.charita.sk\/svet\/wp-content\/uploads\/2026\/03\/concern-rs80402-ukraine-how-to-help-banner-1.jpg","width":1599,"height":900,"caption":"Vira* (30), Zoya* (7), Vasyl* (10). A family of four heats their house with firewood. There is no centralized heating in the village. Hontarivka village, Kharkiv Oblast\u2019. Photo: Simona Supino\/Concern Worldwide"},{"@type":"BreadcrumbList","@id":"https:\/\/www.charita.sk\/svet\/krizova-pomoc-pre-rodiny-v-charkove-a-zaporozi\/#breadcrumb","itemListElement":[{"@type":"ListItem","position":1,"name":"Domovsk\u00e1 str\u00e1nka","item":"https:\/\/www.charita.sk\/svet\/"},{"@type":"ListItem","position":2,"name":"Kr\u00edzov\u00e1 pomoc pre rodiny v Charkove a Z\u00e1poro\u017e\u00ed"}]},{"@type":"WebSite","@id":"https:\/\/www.charita.sk\/svet\/#website","url":"https:\/\/www.charita.sk\/svet\/","name":"Charita vo svete","description":"Slovensk\u00e1 katol\u00edcka charita pom\u00e1ha \u013eu\u010fom v n\u00fadzi vo svete","publisher":{"@id":"https:\/\/www.charita.sk\/svet\/#organization"},"potentialAction":[{"@type":"SearchAction","target":{"@type":"EntryPoint","urlTemplate":"https:\/\/www.charita.sk\/svet\/?s={search_term_string}"},"query-input":{"@type":"PropertyValueSpecification","valueRequired":true,"valueName":"search_term_string"}}],"inLanguage":"sk-SK"},{"@type":"Organization","@id":"https:\/\/www.charita.sk\/svet\/#organization","name":"Slovensk\u00e1 katol\u00edcka charita","url":"https:\/\/www.charita.sk\/svet\/","logo":{"@type":"ImageObject","inLanguage":"sk-SK","@id":"https:\/\/www.charita.sk\/svet\/#\/schema\/logo\/image\/","url":"https:\/\/www.charita.sk\/pomoc-utecencom\/wp-content\/uploads\/2020\/11\/logo_pomoc_utecencom.jpg","contentUrl":"https:\/\/www.charita.sk\/pomoc-utecencom\/wp-content\/uploads\/2020\/11\/logo_pomoc_utecencom.jpg","width":1712,"height":480,"caption":"Slovensk\u00e1 katol\u00edcka charita"},"image":{"@id":"https:\/\/www.charita.sk\/svet\/#\/schema\/logo\/image\/"},"sameAs":["https:\/\/www.facebook.com\/CaritasSlovakia\/","https:\/\/www.instagram.com\/caritas_slovakia\/","https:\/\/www.linkedin.com\/company\/caritas-slovakia-skch-","https:\/\/www.youtube.com\/user\/katolickacharita"]}]}},"featured_image_src":null,"featured_image_src_square":null,"_links":{"self":[{"href":"https:\/\/www.charita.sk\/svet\/wp-json\/wp\/v2\/pages\/3533","targetHints":{"allow":["GET"]}}],"collection":[{"href":"https:\/\/www.charita.sk\/svet\/wp-json\/wp\/v2\/pages"}],"about":[{"href":"https:\/\/www.charita.sk\/svet\/wp-json\/wp\/v2\/types\/page"}],"author":[{"embeddable":true,"href":"https:\/\/www.charita.sk\/svet\/wp-json\/wp\/v2\/users\/10"}],"replies":[{"embeddable":true,"href":"https:\/\/www.charita.sk\/svet\/wp-json\/wp\/v2\/comments?post=3533"}],"version-history":[{"count":2,"href":"https:\/\/www.charita.sk\/svet\/wp-json\/wp\/v2\/pages\/3533\/revisions"}],"predecessor-version":[{"id":3541,"href":"https:\/\/www.charita.sk\/svet\/wp-json\/wp\/v2\/pages\/3533\/revisions\/3541"}],"wp:attachment":[{"href":"https:\/\/www.charita.sk\/svet\/wp-json\/wp\/v2\/media?parent=3533"}],"curies":[{"name":"wp","href":"https:\/\/api.w.org\/{rel}","templated":true}]}}