{"id":13,"date":"2022-12-22T12:19:26","date_gmt":"2022-12-22T11:19:26","guid":{"rendered":"https:\/\/www.charita.sk\/utecenci\/?page_id=13"},"modified":"2023-01-13T15:30:02","modified_gmt":"2023-01-13T14:30:02","slug":"ako-pomahame","status":"publish","type":"page","link":"https:\/\/www.charita.sk\/utecenci\/en\/ako-pomahame\/","title":{"rendered":"Our help"},"content":{"rendered":"<h2 class=\"wp-block-heading\">We help those who have escaped the war.<\/h2>\n\n\n\n<p>They run into the unknown, often with a lifelong trauma, mentally and physically broken, overcoming obstacles along the way. That is why we strive for them to find a refuge here. Their home is no longer home to them, although they have strong patriotic feelings and a desire to return. We try to bring them back a sense of life through the activities we do in the integration centers.<\/p>\n\n\n\n<p class=\" translation-block\">The purpose of our work is to <strong>help all people in difficult and complicated situations<\/strong>. We make sure that they are not left hungry and homeless. We support them to integrate into society and to be able to function in the future without our help.<\/p>\n\n\n\n<p>Each of the integration centers creates its own network of activities. Thus, they can experience various barbecues with friends, as well as organized parties or trips. As part of the integration activities, we organize summer camps, workshops, children's day programs, trips, events.<\/p>\n\n\n\n<figure class=\"wp-block-image size-full\"><img fetchpriority=\"high\" decoding=\"async\" width=\"1024\" height=\"683\" src=\"https:\/\/www.charita.sk\/utecenci\/wp-content\/uploads\/2023\/01\/Z-denneho-centra-pre-deti-z-Ukrajiny-v-Poprade-Zdroj-Spisska-katolicka-charita.jpg\" alt=\"\" class=\"wp-image-67\" srcset=\"https:\/\/www.charita.sk\/utecenci\/wp-content\/uploads\/2023\/01\/Z-denneho-centra-pre-deti-z-Ukrajiny-v-Poprade-Zdroj-Spisska-katolicka-charita.jpg 1024w, https:\/\/www.charita.sk\/utecenci\/wp-content\/uploads\/2023\/01\/Z-denneho-centra-pre-deti-z-Ukrajiny-v-Poprade-Zdroj-Spisska-katolicka-charita-300x200.jpg 300w, https:\/\/www.charita.sk\/utecenci\/wp-content\/uploads\/2023\/01\/Z-denneho-centra-pre-deti-z-Ukrajiny-v-Poprade-Zdroj-Spisska-katolicka-charita-768x512.jpg 768w\" sizes=\"(max-width: 1024px) 100vw, 1024px\" \/><\/figure>\n\n\n\n<div style=\"height:39px\" aria-hidden=\"true\" class=\"wp-block-spacer\"><\/div>\n\n\n\n<h2 class=\"has-vivid-red-color has-text-color wp-block-heading\"><strong><strong>How we started<\/strong><\/strong><\/h2>\n\n\n\n<p>\u2713 After the outbreak of the conflict in Ukraine, we joined the Emergency Appeal project, which tackles crises and humanitarian disasters around the world.<\/p>\n\n\n\n<p>\u2713 Thanks to support from this financial mechanism, we opened 24 integration centers across Slovakia.<\/p>\n\n\n\n<div style=\"height:9px\" aria-hidden=\"true\" class=\"wp-block-spacer\"><\/div>\n\n\n\n<h2 class=\"has-vivid-red-color has-text-color wp-block-heading\"><strong><strong><strong>Whom we help<\/strong><\/strong><\/strong><\/h2>\n\n\n\n<p>Most of the refugees who seek help from the charity centers are women with children or elderly people who are unable to find a job.&nbsp;<\/p>\n\n\n\n<p class=\" translation-block\">The integration centers are run by individual arch\/diocesan and eparchial charities, whose staff and volunteers have been in full deployment since the start of the war. Ukrainians themselves also work in the centers.<\/p>\n\n\n\n<figure class=\"wp-block-image size-large\"><img decoding=\"async\" src=\"https:\/\/www.charita.sk\/wp-content\/uploads\/2022\/12\/Z-otvorenia-centra-v-Presove.-Zdroj-Spisska-katolicka-charita-1100x733.jpg\" alt=\"\" class=\"wp-image-14345\"\/><\/figure>\n\n\n\n<div style=\"height:39px\" aria-hidden=\"true\" class=\"wp-block-spacer\"><\/div>\n\n\n\n<h2 class=\"has-vivid-red-color has-text-color wp-block-heading\"><strong><strong><strong><strong>What we do<\/strong><\/strong><\/strong><\/strong><\/h2>\n\n\n\n<p>- We provide humanitarian aid<\/p>\n\n\n\n<p>- We assist in finding accommodation, school, kindergarten and jobs<\/p>\n\n\n\n<p>- We offer language courses<\/p>\n\n\n\n<p>- We provide psychological help<\/p>\n\n\n\n<p>- We organize leisure activities<\/p>\n\n\n\n<p>- We train, teach how to write CVs and more<\/p>\n\n\n\n<h2 class=\"has-vivid-red-color has-text-color wp-block-heading\"><strong><strong><strong><strong>How we do this<\/strong><\/strong><\/strong><\/strong><\/h2>\n\n\n\n<p>Our staff members deal with clients' requests individually (for example, helping them with paperwork) and work with them in groups - workshops, courses and organized events.<\/p>\n\n\n\n<p><\/p>","protected":false},"excerpt":{"rendered":"<p>Pom\u00e1hame \u013eu\u010fom, ktor\u00ed utiekli pred vojnou. Utekaj\u00fa do nezn\u00e1ma, \u010dastokr\u00e1t s celo\u017eivotnou [&hellip;]<\/p>","protected":false},"author":1,"featured_media":0,"parent":0,"menu_order":0,"comment_status":"closed","ping_status":"closed","template":"","meta":{"_monsterinsights_skip_tracking":false,"_monsterinsights_sitenote_active":false,"_monsterinsights_sitenote_note":"","_monsterinsights_sitenote_category":0,"footnotes":""},"class_list":["post-13","page","type-page","status-publish","hentry"],"yoast_head":"<!-- This site is optimized with the Yoast SEO plugin v20.3 - https:\/\/yoast.com\/wordpress\/plugins\/seo\/ -->\n<title>Ako pom\u00e1hame - Ute\u010denci<\/title>\n<meta name=\"robots\" content=\"index, follow, max-snippet:-1, max-image-preview:large, max-video-preview:-1\" \/>\n<link rel=\"canonical\" href=\"https:\/\/www.charita.sk\/utecenci\/en\/ako-pomahame\/\" \/>\n<meta property=\"og:locale\" content=\"en_GB\" \/>\n<meta property=\"og:type\" content=\"article\" \/>\n<meta property=\"og:title\" content=\"Ako pom\u00e1hame - Ute\u010denci\" \/>\n<meta property=\"og:description\" content=\"Pom\u00e1hame \u013eu\u010fom, ktor\u00ed utiekli pred vojnou. Utekaj\u00fa do nezn\u00e1ma, \u010dastokr\u00e1t s celo\u017eivotnou [&hellip;]\" \/>\n<meta property=\"og:url\" content=\"https:\/\/www.charita.sk\/utecenci\/en\/ako-pomahame\/\" \/>\n<meta property=\"og:site_name\" content=\"Ute\u010denci\" \/>\n<meta property=\"article:publisher\" content=\"https:\/\/www.facebook.com\/CaritasSlovakia\" \/>\n<meta property=\"article:modified_time\" content=\"2023-01-13T14:30:02+00:00\" \/>\n<meta property=\"og:image\" content=\"https:\/\/www.charita.sk\/utecenci\/wp-content\/uploads\/2023\/01\/Z-denneho-centra-pre-deti-z-Ukrajiny-v-Poprade-Zdroj-Spisska-katolicka-charita.jpg\" \/>\n<meta name=\"twitter:card\" content=\"summary_large_image\" \/>\n<meta name=\"twitter:label1\" content=\"Estimated reading time\" \/>\n\t<meta name=\"twitter:data1\" content=\"2 minutes\" \/>\n<script type=\"application\/ld+json\" class=\"yoast-schema-graph\">{\"@context\":\"https:\/\/schema.org\",\"@graph\":[{\"@type\":\"WebPage\",\"@id\":\"https:\/\/www.charita.sk\/utecenci\/ako-pomahame\/\",\"url\":\"https:\/\/www.charita.sk\/utecenci\/ako-pomahame\/\",\"name\":\"Ako pom\u00e1hame - Ute\u010denci\",\"isPartOf\":{\"@id\":\"https:\/\/www.charita.sk\/utecenci\/#website\"},\"datePublished\":\"2022-12-22T11:19:26+00:00\",\"dateModified\":\"2023-01-13T14:30:02+00:00\",\"breadcrumb\":{\"@id\":\"https:\/\/www.charita.sk\/utecenci\/ako-pomahame\/#breadcrumb\"},\"inLanguage\":\"en-GB\",\"potentialAction\":[{\"@type\":\"ReadAction\",\"target\":[\"https:\/\/www.charita.sk\/utecenci\/ako-pomahame\/\"]}]},{\"@type\":\"BreadcrumbList\",\"@id\":\"https:\/\/www.charita.sk\/utecenci\/ako-pomahame\/#breadcrumb\",\"itemListElement\":[{\"@type\":\"ListItem\",\"position\":1,\"name\":\"Domovsk\u00e1 str\u00e1nka\",\"item\":\"https:\/\/www.charita.sk\/utecenci\/\"},{\"@type\":\"ListItem\",\"position\":2,\"name\":\"Ako pom\u00e1hame\"}]},{\"@type\":\"WebSite\",\"@id\":\"https:\/\/www.charita.sk\/utecenci\/#website\",\"url\":\"https:\/\/www.charita.sk\/utecenci\/\",\"name\":\"Ute\u010denci\",\"description\":\"Pomoc od\u00eddencom a ute\u010dencom.\",\"publisher\":{\"@id\":\"https:\/\/www.charita.sk\/utecenci\/#organization\"},\"potentialAction\":[{\"@type\":\"SearchAction\",\"target\":{\"@type\":\"EntryPoint\",\"urlTemplate\":\"https:\/\/www.charita.sk\/utecenci\/?s={search_term_string}\"},\"query-input\":\"required name=search_term_string\"}],\"inLanguage\":\"en-GB\"},{\"@type\":\"Organization\",\"@id\":\"https:\/\/www.charita.sk\/utecenci\/#organization\",\"name\":\"Slovensk\u00e1 katol\u00edcka charita\",\"url\":\"https:\/\/www.charita.sk\/utecenci\/\",\"logo\":{\"@type\":\"ImageObject\",\"inLanguage\":\"en-GB\",\"@id\":\"https:\/\/www.charita.sk\/utecenci\/#\/schema\/logo\/image\/\",\"url\":\"https:\/\/www.charita.sk\/utecenci\/wp-content\/uploads\/2023\/01\/utecenci_logo.png\",\"contentUrl\":\"https:\/\/www.charita.sk\/utecenci\/wp-content\/uploads\/2023\/01\/utecenci_logo.png\",\"width\":410,\"height\":134,\"caption\":\"Slovensk\u00e1 katol\u00edcka charita\"},\"image\":{\"@id\":\"https:\/\/www.charita.sk\/utecenci\/#\/schema\/logo\/image\/\"},\"sameAs\":[\"https:\/\/www.facebook.com\/CaritasSlovakia\",\"https:\/\/www.youtube.com\/@katolickacharita\",\"https:\/\/instagram.com\/caritas_slovakia\"]}]}<\/script>\n<!-- \/ Yoast SEO plugin. -->","yoast_head_json":{"title":"Ako pom\u00e1hame - Ute\u010denci","robots":{"index":"index","follow":"follow","max-snippet":"max-snippet:-1","max-image-preview":"max-image-preview:large","max-video-preview":"max-video-preview:-1"},"canonical":"https:\/\/www.charita.sk\/utecenci\/en\/ako-pomahame\/","og_locale":"en_GB","og_type":"article","og_title":"Ako pom\u00e1hame - Ute\u010denci","og_description":"Pom\u00e1hame \u013eu\u010fom, ktor\u00ed utiekli pred vojnou. Utekaj\u00fa do nezn\u00e1ma, \u010dastokr\u00e1t s celo\u017eivotnou [&hellip;]","og_url":"https:\/\/www.charita.sk\/utecenci\/en\/ako-pomahame\/","og_site_name":"Ute\u010denci","article_publisher":"https:\/\/www.facebook.com\/CaritasSlovakia","article_modified_time":"2023-01-13T14:30:02+00:00","og_image":[{"url":"https:\/\/www.charita.sk\/utecenci\/wp-content\/uploads\/2023\/01\/Z-denneho-centra-pre-deti-z-Ukrajiny-v-Poprade-Zdroj-Spisska-katolicka-charita.jpg"}],"twitter_card":"summary_large_image","twitter_misc":{"Estimated reading time":"2 minutes"},"schema":{"@context":"https:\/\/schema.org","@graph":[{"@type":"WebPage","@id":"https:\/\/www.charita.sk\/utecenci\/ako-pomahame\/","url":"https:\/\/www.charita.sk\/utecenci\/ako-pomahame\/","name":"Ako pom\u00e1hame - Ute\u010denci","isPartOf":{"@id":"https:\/\/www.charita.sk\/utecenci\/#website"},"datePublished":"2022-12-22T11:19:26+00:00","dateModified":"2023-01-13T14:30:02+00:00","breadcrumb":{"@id":"https:\/\/www.charita.sk\/utecenci\/ako-pomahame\/#breadcrumb"},"inLanguage":"en-GB","potentialAction":[{"@type":"ReadAction","target":["https:\/\/www.charita.sk\/utecenci\/ako-pomahame\/"]}]},{"@type":"BreadcrumbList","@id":"https:\/\/www.charita.sk\/utecenci\/ako-pomahame\/#breadcrumb","itemListElement":[{"@type":"ListItem","position":1,"name":"Domovsk\u00e1 str\u00e1nka","item":"https:\/\/www.charita.sk\/utecenci\/"},{"@type":"ListItem","position":2,"name":"Ako pom\u00e1hame"}]},{"@type":"WebSite","@id":"https:\/\/www.charita.sk\/utecenci\/#website","url":"https:\/\/www.charita.sk\/utecenci\/","name":"Ute\u010denci","description":"Pomoc od\u00eddencom a ute\u010dencom.","publisher":{"@id":"https:\/\/www.charita.sk\/utecenci\/#organization"},"potentialAction":[{"@type":"SearchAction","target":{"@type":"EntryPoint","urlTemplate":"https:\/\/www.charita.sk\/utecenci\/?s={search_term_string}"},"query-input":"required name=search_term_string"}],"inLanguage":"en-GB"},{"@type":"Organization","@id":"https:\/\/www.charita.sk\/utecenci\/#organization","name":"Slovensk\u00e1 katol\u00edcka charita","url":"https:\/\/www.charita.sk\/utecenci\/","logo":{"@type":"ImageObject","inLanguage":"en-GB","@id":"https:\/\/www.charita.sk\/utecenci\/#\/schema\/logo\/image\/","url":"https:\/\/www.charita.sk\/utecenci\/wp-content\/uploads\/2023\/01\/utecenci_logo.png","contentUrl":"https:\/\/www.charita.sk\/utecenci\/wp-content\/uploads\/2023\/01\/utecenci_logo.png","width":410,"height":134,"caption":"Slovensk\u00e1 katol\u00edcka charita"},"image":{"@id":"https:\/\/www.charita.sk\/utecenci\/#\/schema\/logo\/image\/"},"sameAs":["https:\/\/www.facebook.com\/CaritasSlovakia","https:\/\/www.youtube.com\/@katolickacharita","https:\/\/instagram.com\/caritas_slovakia"]}]}},"featured_image_src":null,"featured_image_src_square":null,"_links":{"self":[{"href":"https:\/\/www.charita.sk\/utecenci\/en\/wp-json\/wp\/v2\/pages\/13","targetHints":{"allow":["GET"]}}],"collection":[{"href":"https:\/\/www.charita.sk\/utecenci\/en\/wp-json\/wp\/v2\/pages"}],"about":[{"href":"https:\/\/www.charita.sk\/utecenci\/en\/wp-json\/wp\/v2\/types\/page"}],"author":[{"embeddable":true,"href":"https:\/\/www.charita.sk\/utecenci\/en\/wp-json\/wp\/v2\/users\/1"}],"replies":[{"embeddable":true,"href":"https:\/\/www.charita.sk\/utecenci\/en\/wp-json\/wp\/v2\/comments?post=13"}],"version-history":[{"count":25,"href":"https:\/\/www.charita.sk\/utecenci\/en\/wp-json\/wp\/v2\/pages\/13\/revisions"}],"predecessor-version":[{"id":13202,"href":"https:\/\/www.charita.sk\/utecenci\/en\/wp-json\/wp\/v2\/pages\/13\/revisions\/13202"}],"wp:attachment":[{"href":"https:\/\/www.charita.sk\/utecenci\/en\/wp-json\/wp\/v2\/media?parent=13"}],"curies":[{"name":"wp","href":"https:\/\/api.w.org\/{rel}","templated":true}]}}