{"id":132,"date":"2023-01-03T09:24:47","date_gmt":"2023-01-03T08:24:47","guid":{"rendered":"https:\/\/www.charita.sk\/utecenci\/?page_id=132"},"modified":"2023-01-13T16:33:46","modified_gmt":"2023-01-13T15:33:46","slug":"ochrana-osobnych-udajov","status":"publish","type":"page","link":"https:\/\/www.charita.sk\/utecenci\/en\/ochrana-osobnych-udajov\/","title":{"rendered":"Privacy"},"content":{"rendered":"<p>Slovensk\u00e1 katol\u00edcka charita (\u010falej len \u201eSKCH\u201c) ako \u00fa\u010delov\u00e9 zariadenie Katol\u00edckej cirkvi na Slovensku, zriaden\u00e9 Konferenciou biskupov Slovenska (\u010falej len \u201eKBS\u201c) pod\u013ea z\u00e1kona 308\/1991 Zb. o slobode n\u00e1bo\u017eenskej viery a postaven\u00ed cirkv\u00ed a n\u00e1bo\u017eensk\u00fdch spolo\u010dnost\u00ed a k\u00e1nonu 312 a k\u00e1nonu 116 K\u00f3dexu kanonick\u00e9ho pr\u00e1va, je samostatnou pr\u00e1vnickou osobou. Z\u00e1v\u00e4zn\u00fdm dokumentom pre sprac\u00favanie osobn\u00fdch \u00fadajov v&nbsp;SKCH je&nbsp;<a rel=\"noreferrer noopener\" href=\"https:\/\/gdpr.kbs.sk\/obsah\/sekcia\/h\/cirkev\/p\/zavazne-predpisy-rkc\" target=\"_blank\">Zabezpe\u010denie ochrany osobn\u00fdch \u00fadajov R\u00edmskokatol\u00edckou cirkvou v Slovenskej republike<\/a>.<\/p>\n\n\n\n<div class=\"wp-block-buttons is-layout-flex wp-block-buttons-is-layout-flex\">\n<div class=\"wp-block-button\"><a class=\"wp-block-button__link wp-element-button\" href=\"https:\/\/gdpr.kbs.sk\/obsah\/sekcia\/h\/ina-pravnicka-osoba\/p\/charita\" target=\"_blank\" rel=\"noreferrer noopener\"><strong>Viac inform\u00e1ci\u00ed n\u00e1jdete tu<\/strong><\/a><\/div>\n<\/div>\n\n\n\n<p class=\"has-text-align-center has-cyan-bluish-gray-background-color has-background\">Kontaktn\u00e1 osoba pre oblas\u0165 ochrany osobn\u00fdch \u00fadajov v SKCH: <a href=\"mailto:pravnik@charita.sk\">pravnik@charita.sk<\/a><\/p>","protected":false},"excerpt":{"rendered":"<p>Slovensk\u00e1 katol\u00edcka charita (\u010falej len \u201eSKCH\u201c) ako \u00fa\u010delov\u00e9 zariadenie Katol\u00edckej cirkvi na [&hellip;]<\/p>","protected":false},"author":1,"featured_media":0,"parent":0,"menu_order":0,"comment_status":"closed","ping_status":"closed","template":"","meta":{"_monsterinsights_skip_tracking":false,"_monsterinsights_sitenote_active":false,"_monsterinsights_sitenote_note":"","_monsterinsights_sitenote_category":0,"footnotes":""},"class_list":["post-132","page","type-page","status-publish","hentry"],"yoast_head":"<!-- This site is optimized with the Yoast SEO plugin v20.3 - https:\/\/yoast.com\/wordpress\/plugins\/seo\/ -->\n<title>Ochrana osobn\u00fdch \u00fadajov - Ute\u010denci<\/title>\n<meta name=\"robots\" content=\"index, follow, max-snippet:-1, max-image-preview:large, max-video-preview:-1\" \/>\n<link rel=\"canonical\" href=\"https:\/\/www.charita.sk\/utecenci\/en\/ochrana-osobnych-udajov\/\" \/>\n<meta property=\"og:locale\" content=\"en_GB\" \/>\n<meta property=\"og:type\" content=\"article\" \/>\n<meta property=\"og:title\" content=\"Ochrana osobn\u00fdch \u00fadajov - Ute\u010denci\" \/>\n<meta property=\"og:description\" content=\"Slovensk\u00e1 katol\u00edcka charita (\u010falej len \u201eSKCH\u201c) ako \u00fa\u010delov\u00e9 zariadenie Katol\u00edckej cirkvi na [&hellip;]\" \/>\n<meta property=\"og:url\" content=\"https:\/\/www.charita.sk\/utecenci\/en\/ochrana-osobnych-udajov\/\" \/>\n<meta property=\"og:site_name\" content=\"Ute\u010denci\" \/>\n<meta property=\"article:publisher\" content=\"https:\/\/www.facebook.com\/CaritasSlovakia\" \/>\n<meta property=\"article:modified_time\" content=\"2023-01-13T15:33:46+00:00\" \/>\n<meta name=\"twitter:card\" content=\"summary_large_image\" \/>\n<meta name=\"twitter:label1\" content=\"Estimated reading time\" \/>\n\t<meta name=\"twitter:data1\" content=\"1 minute\" \/>\n<script type=\"application\/ld+json\" class=\"yoast-schema-graph\">{\"@context\":\"https:\/\/schema.org\",\"@graph\":[{\"@type\":\"WebPage\",\"@id\":\"https:\/\/www.charita.sk\/utecenci\/ochrana-osobnych-udajov\/\",\"url\":\"https:\/\/www.charita.sk\/utecenci\/ochrana-osobnych-udajov\/\",\"name\":\"Ochrana osobn\u00fdch \u00fadajov - Ute\u010denci\",\"isPartOf\":{\"@id\":\"https:\/\/www.charita.sk\/utecenci\/#website\"},\"datePublished\":\"2023-01-03T08:24:47+00:00\",\"dateModified\":\"2023-01-13T15:33:46+00:00\",\"breadcrumb\":{\"@id\":\"https:\/\/www.charita.sk\/utecenci\/ochrana-osobnych-udajov\/#breadcrumb\"},\"inLanguage\":\"en-GB\",\"potentialAction\":[{\"@type\":\"ReadAction\",\"target\":[\"https:\/\/www.charita.sk\/utecenci\/ochrana-osobnych-udajov\/\"]}]},{\"@type\":\"BreadcrumbList\",\"@id\":\"https:\/\/www.charita.sk\/utecenci\/ochrana-osobnych-udajov\/#breadcrumb\",\"itemListElement\":[{\"@type\":\"ListItem\",\"position\":1,\"name\":\"Domovsk\u00e1 str\u00e1nka\",\"item\":\"https:\/\/www.charita.sk\/utecenci\/\"},{\"@type\":\"ListItem\",\"position\":2,\"name\":\"Ochrana osobn\u00fdch \u00fadajov\"}]},{\"@type\":\"WebSite\",\"@id\":\"https:\/\/www.charita.sk\/utecenci\/#website\",\"url\":\"https:\/\/www.charita.sk\/utecenci\/\",\"name\":\"Ute\u010denci\",\"description\":\"Pomoc od\u00eddencom a ute\u010dencom.\",\"publisher\":{\"@id\":\"https:\/\/www.charita.sk\/utecenci\/#organization\"},\"potentialAction\":[{\"@type\":\"SearchAction\",\"target\":{\"@type\":\"EntryPoint\",\"urlTemplate\":\"https:\/\/www.charita.sk\/utecenci\/?s={search_term_string}\"},\"query-input\":\"required name=search_term_string\"}],\"inLanguage\":\"en-GB\"},{\"@type\":\"Organization\",\"@id\":\"https:\/\/www.charita.sk\/utecenci\/#organization\",\"name\":\"Slovensk\u00e1 katol\u00edcka charita\",\"url\":\"https:\/\/www.charita.sk\/utecenci\/\",\"logo\":{\"@type\":\"ImageObject\",\"inLanguage\":\"en-GB\",\"@id\":\"https:\/\/www.charita.sk\/utecenci\/#\/schema\/logo\/image\/\",\"url\":\"https:\/\/www.charita.sk\/utecenci\/wp-content\/uploads\/2023\/01\/utecenci_logo.png\",\"contentUrl\":\"https:\/\/www.charita.sk\/utecenci\/wp-content\/uploads\/2023\/01\/utecenci_logo.png\",\"width\":410,\"height\":134,\"caption\":\"Slovensk\u00e1 katol\u00edcka charita\"},\"image\":{\"@id\":\"https:\/\/www.charita.sk\/utecenci\/#\/schema\/logo\/image\/\"},\"sameAs\":[\"https:\/\/www.facebook.com\/CaritasSlovakia\",\"https:\/\/www.youtube.com\/@katolickacharita\",\"https:\/\/instagram.com\/caritas_slovakia\"]}]}<\/script>\n<!-- \/ Yoast SEO plugin. -->","yoast_head_json":{"title":"Ochrana osobn\u00fdch \u00fadajov - Ute\u010denci","robots":{"index":"index","follow":"follow","max-snippet":"max-snippet:-1","max-image-preview":"max-image-preview:large","max-video-preview":"max-video-preview:-1"},"canonical":"https:\/\/www.charita.sk\/utecenci\/en\/ochrana-osobnych-udajov\/","og_locale":"en_GB","og_type":"article","og_title":"Ochrana osobn\u00fdch \u00fadajov - Ute\u010denci","og_description":"Slovensk\u00e1 katol\u00edcka charita (\u010falej len \u201eSKCH\u201c) ako \u00fa\u010delov\u00e9 zariadenie Katol\u00edckej cirkvi na [&hellip;]","og_url":"https:\/\/www.charita.sk\/utecenci\/en\/ochrana-osobnych-udajov\/","og_site_name":"Ute\u010denci","article_publisher":"https:\/\/www.facebook.com\/CaritasSlovakia","article_modified_time":"2023-01-13T15:33:46+00:00","twitter_card":"summary_large_image","twitter_misc":{"Estimated reading time":"1 minute"},"schema":{"@context":"https:\/\/schema.org","@graph":[{"@type":"WebPage","@id":"https:\/\/www.charita.sk\/utecenci\/ochrana-osobnych-udajov\/","url":"https:\/\/www.charita.sk\/utecenci\/ochrana-osobnych-udajov\/","name":"Ochrana osobn\u00fdch \u00fadajov - Ute\u010denci","isPartOf":{"@id":"https:\/\/www.charita.sk\/utecenci\/#website"},"datePublished":"2023-01-03T08:24:47+00:00","dateModified":"2023-01-13T15:33:46+00:00","breadcrumb":{"@id":"https:\/\/www.charita.sk\/utecenci\/ochrana-osobnych-udajov\/#breadcrumb"},"inLanguage":"en-GB","potentialAction":[{"@type":"ReadAction","target":["https:\/\/www.charita.sk\/utecenci\/ochrana-osobnych-udajov\/"]}]},{"@type":"BreadcrumbList","@id":"https:\/\/www.charita.sk\/utecenci\/ochrana-osobnych-udajov\/#breadcrumb","itemListElement":[{"@type":"ListItem","position":1,"name":"Domovsk\u00e1 str\u00e1nka","item":"https:\/\/www.charita.sk\/utecenci\/"},{"@type":"ListItem","position":2,"name":"Ochrana osobn\u00fdch \u00fadajov"}]},{"@type":"WebSite","@id":"https:\/\/www.charita.sk\/utecenci\/#website","url":"https:\/\/www.charita.sk\/utecenci\/","name":"Ute\u010denci","description":"Pomoc od\u00eddencom a ute\u010dencom.","publisher":{"@id":"https:\/\/www.charita.sk\/utecenci\/#organization"},"potentialAction":[{"@type":"SearchAction","target":{"@type":"EntryPoint","urlTemplate":"https:\/\/www.charita.sk\/utecenci\/?s={search_term_string}"},"query-input":"required name=search_term_string"}],"inLanguage":"en-GB"},{"@type":"Organization","@id":"https:\/\/www.charita.sk\/utecenci\/#organization","name":"Slovensk\u00e1 katol\u00edcka charita","url":"https:\/\/www.charita.sk\/utecenci\/","logo":{"@type":"ImageObject","inLanguage":"en-GB","@id":"https:\/\/www.charita.sk\/utecenci\/#\/schema\/logo\/image\/","url":"https:\/\/www.charita.sk\/utecenci\/wp-content\/uploads\/2023\/01\/utecenci_logo.png","contentUrl":"https:\/\/www.charita.sk\/utecenci\/wp-content\/uploads\/2023\/01\/utecenci_logo.png","width":410,"height":134,"caption":"Slovensk\u00e1 katol\u00edcka charita"},"image":{"@id":"https:\/\/www.charita.sk\/utecenci\/#\/schema\/logo\/image\/"},"sameAs":["https:\/\/www.facebook.com\/CaritasSlovakia","https:\/\/www.youtube.com\/@katolickacharita","https:\/\/instagram.com\/caritas_slovakia"]}]}},"featured_image_src":null,"featured_image_src_square":null,"_links":{"self":[{"href":"https:\/\/www.charita.sk\/utecenci\/en\/wp-json\/wp\/v2\/pages\/132","targetHints":{"allow":["GET"]}}],"collection":[{"href":"https:\/\/www.charita.sk\/utecenci\/en\/wp-json\/wp\/v2\/pages"}],"about":[{"href":"https:\/\/www.charita.sk\/utecenci\/en\/wp-json\/wp\/v2\/types\/page"}],"author":[{"embeddable":true,"href":"https:\/\/www.charita.sk\/utecenci\/en\/wp-json\/wp\/v2\/users\/1"}],"replies":[{"embeddable":true,"href":"https:\/\/www.charita.sk\/utecenci\/en\/wp-json\/wp\/v2\/comments?post=132"}],"version-history":[{"count":4,"href":"https:\/\/www.charita.sk\/utecenci\/en\/wp-json\/wp\/v2\/pages\/132\/revisions"}],"predecessor-version":[{"id":13203,"href":"https:\/\/www.charita.sk\/utecenci\/en\/wp-json\/wp\/v2\/pages\/132\/revisions\/13203"}],"wp:attachment":[{"href":"https:\/\/www.charita.sk\/utecenci\/en\/wp-json\/wp\/v2\/media?parent=132"}],"curies":[{"name":"wp","href":"https:\/\/api.w.org\/{rel}","templated":true}]}}