{"id":13024,"date":"2023-01-09T09:46:25","date_gmt":"2023-01-09T08:46:25","guid":{"rendered":"https:\/\/www.charita.sk\/utecenci\/?page_id=13024"},"modified":"2023-01-09T12:10:50","modified_gmt":"2023-01-09T11:10:50","slug":"centrum-podpory-banska-bystrica","status":"publish","type":"page","link":"https:\/\/www.charita.sk\/utecenci\/centrum-podpory-banska-bystrica\/","title":{"rendered":"Centrum podpory Bansk\u00e1 Bystrica"},"content":{"rendered":"\n<p><strong>Centrum podpory pre od\u00eddencov z Ukrajiny<\/strong><\/p>\n\n\n\n<p>Tajovsk\u00e9ho 1,<br>Bansk\u00e1 Bystrica<br>\ud83d\udd70\ufe0f <strong>Po &#8211; Pia: 7:00 &#8211; 15:30 <\/strong><br><strong>Ne: 9:00 &#8211; 11:00<\/strong><br><a href=\"mailto:dpn@charitabb.sk\">dpn@charitabb.sk<\/a><br><a href=\"tel:+421902190444\">0902 190 444<\/a><\/p>\n\n\n\n<p class=\"has-text-align-center has-black-color has-text-color has-background\" style=\"background-color:#d7e0e8;font-size:17px;letter-spacing:2px;text-decoration:underline;text-transform:uppercase\"><a href=\"https:\/\/www.charita.sk\/utecenci\/mapa\/\"><strong>Sp\u00e4\u0165 na mapu centier podpory<\/strong><\/a><\/p>\n\n\n\n<p><\/p>\n","protected":false},"excerpt":{"rendered":"<p>Centrum podpory pre od\u00eddencov z Ukrajiny Tajovsk\u00e9ho 1,Bansk\u00e1 Bystrica\ud83d\udd70\ufe0f Po &#8211; Pia: [&hellip;]<\/p>\n","protected":false},"author":1,"featured_media":0,"parent":0,"menu_order":0,"comment_status":"closed","ping_status":"closed","template":"","meta":{"_monsterinsights_skip_tracking":false,"_monsterinsights_sitenote_active":false,"_monsterinsights_sitenote_note":"","_monsterinsights_sitenote_category":0,"footnotes":""},"class_list":["post-13024","page","type-page","status-publish","hentry"],"yoast_head":"<!-- This site is optimized with the Yoast SEO plugin v20.3 - https:\/\/yoast.com\/wordpress\/plugins\/seo\/ -->\n<title>Centrum podpory Bansk\u00e1 Bystrica - Ute\u010denci<\/title>\n<meta name=\"robots\" content=\"index, follow, max-snippet:-1, max-image-preview:large, max-video-preview:-1\" \/>\n<link rel=\"canonical\" href=\"https:\/\/www.charita.sk\/utecenci\/centrum-podpory-banska-bystrica\/\" \/>\n<meta property=\"og:locale\" content=\"sk_SK\" \/>\n<meta property=\"og:type\" content=\"article\" \/>\n<meta property=\"og:title\" content=\"Centrum podpory Bansk\u00e1 Bystrica - Ute\u010denci\" \/>\n<meta property=\"og:description\" content=\"Centrum podpory pre od\u00eddencov z Ukrajiny Tajovsk\u00e9ho 1,Bansk\u00e1 Bystrica\ud83d\udd70\ufe0f Po &#8211; Pia: [&hellip;]\" \/>\n<meta property=\"og:url\" content=\"https:\/\/www.charita.sk\/utecenci\/centrum-podpory-banska-bystrica\/\" \/>\n<meta property=\"og:site_name\" content=\"Ute\u010denci\" \/>\n<meta property=\"article:publisher\" content=\"https:\/\/www.facebook.com\/CaritasSlovakia\" \/>\n<meta property=\"article:modified_time\" content=\"2023-01-09T11:10:50+00:00\" \/>\n<meta name=\"twitter:card\" content=\"summary_large_image\" \/>\n<script type=\"application\/ld+json\" class=\"yoast-schema-graph\">{\"@context\":\"https:\/\/schema.org\",\"@graph\":[{\"@type\":\"WebPage\",\"@id\":\"https:\/\/www.charita.sk\/utecenci\/centrum-podpory-banska-bystrica\/\",\"url\":\"https:\/\/www.charita.sk\/utecenci\/centrum-podpory-banska-bystrica\/\",\"name\":\"Centrum podpory Bansk\u00e1 Bystrica - Ute\u010denci\",\"isPartOf\":{\"@id\":\"https:\/\/www.charita.sk\/utecenci\/#website\"},\"datePublished\":\"2023-01-09T08:46:25+00:00\",\"dateModified\":\"2023-01-09T11:10:50+00:00\",\"breadcrumb\":{\"@id\":\"https:\/\/www.charita.sk\/utecenci\/centrum-podpory-banska-bystrica\/#breadcrumb\"},\"inLanguage\":\"sk-SK\",\"potentialAction\":[{\"@type\":\"ReadAction\",\"target\":[\"https:\/\/www.charita.sk\/utecenci\/centrum-podpory-banska-bystrica\/\"]}]},{\"@type\":\"BreadcrumbList\",\"@id\":\"https:\/\/www.charita.sk\/utecenci\/centrum-podpory-banska-bystrica\/#breadcrumb\",\"itemListElement\":[{\"@type\":\"ListItem\",\"position\":1,\"name\":\"Domovsk\u00e1 str\u00e1nka\",\"item\":\"https:\/\/www.charita.sk\/utecenci\/\"},{\"@type\":\"ListItem\",\"position\":2,\"name\":\"Centrum podpory Bansk\u00e1 Bystrica\"}]},{\"@type\":\"WebSite\",\"@id\":\"https:\/\/www.charita.sk\/utecenci\/#website\",\"url\":\"https:\/\/www.charita.sk\/utecenci\/\",\"name\":\"Ute\u010denci\",\"description\":\"Pomoc od\u00eddencom a ute\u010dencom.\",\"publisher\":{\"@id\":\"https:\/\/www.charita.sk\/utecenci\/#organization\"},\"potentialAction\":[{\"@type\":\"SearchAction\",\"target\":{\"@type\":\"EntryPoint\",\"urlTemplate\":\"https:\/\/www.charita.sk\/utecenci\/?s={search_term_string}\"},\"query-input\":\"required name=search_term_string\"}],\"inLanguage\":\"sk-SK\"},{\"@type\":\"Organization\",\"@id\":\"https:\/\/www.charita.sk\/utecenci\/#organization\",\"name\":\"Slovensk\u00e1 katol\u00edcka charita\",\"url\":\"https:\/\/www.charita.sk\/utecenci\/\",\"logo\":{\"@type\":\"ImageObject\",\"inLanguage\":\"sk-SK\",\"@id\":\"https:\/\/www.charita.sk\/utecenci\/#\/schema\/logo\/image\/\",\"url\":\"https:\/\/www.charita.sk\/utecenci\/wp-content\/uploads\/2023\/01\/utecenci_logo.png\",\"contentUrl\":\"https:\/\/www.charita.sk\/utecenci\/wp-content\/uploads\/2023\/01\/utecenci_logo.png\",\"width\":410,\"height\":134,\"caption\":\"Slovensk\u00e1 katol\u00edcka charita\"},\"image\":{\"@id\":\"https:\/\/www.charita.sk\/utecenci\/#\/schema\/logo\/image\/\"},\"sameAs\":[\"https:\/\/www.facebook.com\/CaritasSlovakia\",\"https:\/\/www.youtube.com\/@katolickacharita\",\"https:\/\/instagram.com\/caritas_slovakia\"]}]}<\/script>\n<!-- \/ Yoast SEO plugin. -->","yoast_head_json":{"title":"Centrum podpory Bansk\u00e1 Bystrica - Ute\u010denci","robots":{"index":"index","follow":"follow","max-snippet":"max-snippet:-1","max-image-preview":"max-image-preview:large","max-video-preview":"max-video-preview:-1"},"canonical":"https:\/\/www.charita.sk\/utecenci\/centrum-podpory-banska-bystrica\/","og_locale":"sk_SK","og_type":"article","og_title":"Centrum podpory Bansk\u00e1 Bystrica - Ute\u010denci","og_description":"Centrum podpory pre od\u00eddencov z Ukrajiny Tajovsk\u00e9ho 1,Bansk\u00e1 Bystrica\ud83d\udd70\ufe0f Po &#8211; Pia: [&hellip;]","og_url":"https:\/\/www.charita.sk\/utecenci\/centrum-podpory-banska-bystrica\/","og_site_name":"Ute\u010denci","article_publisher":"https:\/\/www.facebook.com\/CaritasSlovakia","article_modified_time":"2023-01-09T11:10:50+00:00","twitter_card":"summary_large_image","schema":{"@context":"https:\/\/schema.org","@graph":[{"@type":"WebPage","@id":"https:\/\/www.charita.sk\/utecenci\/centrum-podpory-banska-bystrica\/","url":"https:\/\/www.charita.sk\/utecenci\/centrum-podpory-banska-bystrica\/","name":"Centrum podpory Bansk\u00e1 Bystrica - Ute\u010denci","isPartOf":{"@id":"https:\/\/www.charita.sk\/utecenci\/#website"},"datePublished":"2023-01-09T08:46:25+00:00","dateModified":"2023-01-09T11:10:50+00:00","breadcrumb":{"@id":"https:\/\/www.charita.sk\/utecenci\/centrum-podpory-banska-bystrica\/#breadcrumb"},"inLanguage":"sk-SK","potentialAction":[{"@type":"ReadAction","target":["https:\/\/www.charita.sk\/utecenci\/centrum-podpory-banska-bystrica\/"]}]},{"@type":"BreadcrumbList","@id":"https:\/\/www.charita.sk\/utecenci\/centrum-podpory-banska-bystrica\/#breadcrumb","itemListElement":[{"@type":"ListItem","position":1,"name":"Domovsk\u00e1 str\u00e1nka","item":"https:\/\/www.charita.sk\/utecenci\/"},{"@type":"ListItem","position":2,"name":"Centrum podpory Bansk\u00e1 Bystrica"}]},{"@type":"WebSite","@id":"https:\/\/www.charita.sk\/utecenci\/#website","url":"https:\/\/www.charita.sk\/utecenci\/","name":"Ute\u010denci","description":"Pomoc od\u00eddencom a ute\u010dencom.","publisher":{"@id":"https:\/\/www.charita.sk\/utecenci\/#organization"},"potentialAction":[{"@type":"SearchAction","target":{"@type":"EntryPoint","urlTemplate":"https:\/\/www.charita.sk\/utecenci\/?s={search_term_string}"},"query-input":"required name=search_term_string"}],"inLanguage":"sk-SK"},{"@type":"Organization","@id":"https:\/\/www.charita.sk\/utecenci\/#organization","name":"Slovensk\u00e1 katol\u00edcka charita","url":"https:\/\/www.charita.sk\/utecenci\/","logo":{"@type":"ImageObject","inLanguage":"sk-SK","@id":"https:\/\/www.charita.sk\/utecenci\/#\/schema\/logo\/image\/","url":"https:\/\/www.charita.sk\/utecenci\/wp-content\/uploads\/2023\/01\/utecenci_logo.png","contentUrl":"https:\/\/www.charita.sk\/utecenci\/wp-content\/uploads\/2023\/01\/utecenci_logo.png","width":410,"height":134,"caption":"Slovensk\u00e1 katol\u00edcka charita"},"image":{"@id":"https:\/\/www.charita.sk\/utecenci\/#\/schema\/logo\/image\/"},"sameAs":["https:\/\/www.facebook.com\/CaritasSlovakia","https:\/\/www.youtube.com\/@katolickacharita","https:\/\/instagram.com\/caritas_slovakia"]}]}},"featured_image_src":null,"featured_image_src_square":null,"_links":{"self":[{"href":"https:\/\/www.charita.sk\/utecenci\/wp-json\/wp\/v2\/pages\/13024","targetHints":{"allow":["GET"]}}],"collection":[{"href":"https:\/\/www.charita.sk\/utecenci\/wp-json\/wp\/v2\/pages"}],"about":[{"href":"https:\/\/www.charita.sk\/utecenci\/wp-json\/wp\/v2\/types\/page"}],"author":[{"embeddable":true,"href":"https:\/\/www.charita.sk\/utecenci\/wp-json\/wp\/v2\/users\/1"}],"replies":[{"embeddable":true,"href":"https:\/\/www.charita.sk\/utecenci\/wp-json\/wp\/v2\/comments?post=13024"}],"version-history":[{"count":14,"href":"https:\/\/www.charita.sk\/utecenci\/wp-json\/wp\/v2\/pages\/13024\/revisions"}],"predecessor-version":[{"id":13097,"href":"https:\/\/www.charita.sk\/utecenci\/wp-json\/wp\/v2\/pages\/13024\/revisions\/13097"}],"wp:attachment":[{"href":"https:\/\/www.charita.sk\/utecenci\/wp-json\/wp\/v2\/media?parent=13024"}],"curies":[{"name":"wp","href":"https:\/\/api.w.org\/{rel}","templated":true}]}}